{"id":94917,"date":"2021-01-22T22:57:10","date_gmt":"2021-01-22T22:57:10","guid":{"rendered":"https:\/\/ifoffice.pt\/produto\/import-placeholder-for-36149\/"},"modified":"2026-02-23T13:28:54","modified_gmt":"2026-02-23T13:28:54","slug":"apoio-de-pes-q-connect-poliestereno-ajustavel-450x115x340-mm","status":"publish","type":"product","link":"https:\/\/ifoffice.pt\/?product=apoio-de-pes-q-connect-poliestereno-ajustavel-450x115x340-mm","title":{"rendered":"Apoio de pes q-connect poliestereno ajustavel 450x115x340 mm"},"content":{"rendered":"<p>Complemento ajust\u00e1vel para conforto pessoal. Design ergon\u00f3mico para conforto e suporte. \u00c2ngulo ajust\u00e1vel. Ajuda a aliviar as dores na zona lombar. Constru\u00e7\u00e3o firme e s\u00f3lida. Fabricado em poliestireno de alto impacto.<\/p>\n","protected":false},"excerpt":{"rendered":"<p>Apoio de pes q-connect poliestereno ajustavel 450x115x340 mm<\/p>\n","protected":false},"featured_media":124173,"comment_status":"closed","ping_status":"closed","template":"","meta":{"neve_meta_sidebar":"","neve_meta_container":"","neve_meta_enable_content_width":"off","neve_meta_content_width":0,"neve_meta_title_alignment":"","neve_meta_author_avatar":"","neve_post_elements_order":"","neve_meta_disable_header":"","neve_meta_disable_footer":"","neve_meta_disable_title":""},"product_brand":[],"product_cat":[1808],"product_tag":[1197],"class_list":{"0":"post-94917","1":"product","2":"type-product","3":"status-publish","4":"has-post-thumbnail","6":"product_cat-ergonomia","7":"product_tag-q-connect","9":"first","10":"instock","11":"taxable","12":"shipping-taxable","13":"purchasable","14":"product-type-simple"},"_links":{"self":[{"href":"https:\/\/ifoffice.pt\/index.php?rest_route=\/wp\/v2\/product\/94917","targetHints":{"allow":["GET"]}}],"collection":[{"href":"https:\/\/ifoffice.pt\/index.php?rest_route=\/wp\/v2\/product"}],"about":[{"href":"https:\/\/ifoffice.pt\/index.php?rest_route=\/wp\/v2\/types\/product"}],"replies":[{"embeddable":true,"href":"https:\/\/ifoffice.pt\/index.php?rest_route=%2Fwp%2Fv2%2Fcomments&post=94917"}],"wp:featuredmedia":[{"embeddable":true,"href":"https:\/\/ifoffice.pt\/index.php?rest_route=\/wp\/v2\/media\/124173"}],"wp:attachment":[{"href":"https:\/\/ifoffice.pt\/index.php?rest_route=%2Fwp%2Fv2%2Fmedia&parent=94917"}],"wp:term":[{"taxonomy":"product_brand","embeddable":true,"href":"https:\/\/ifoffice.pt\/index.php?rest_route=%2Fwp%2Fv2%2Fproduct_brand&post=94917"},{"taxonomy":"product_cat","embeddable":true,"href":"https:\/\/ifoffice.pt\/index.php?rest_route=%2Fwp%2Fv2%2Fproduct_cat&post=94917"},{"taxonomy":"product_tag","embeddable":true,"href":"https:\/\/ifoffice.pt\/index.php?rest_route=%2Fwp%2Fv2%2Fproduct_tag&post=94917"}],"curies":[{"name":"wp","href":"https:\/\/api.w.org\/{rel}","templated":true}]}}