{"id":94916,"date":"2021-01-22T22:57:10","date_gmt":"2021-01-22T22:57:10","guid":{"rendered":"https:\/\/ifoffice.pt\/produto\/import-placeholder-for-36156\/"},"modified":"2026-02-23T13:28:54","modified_gmt":"2026-02-23T13:28:54","slug":"balanca-de-escritorio-q-connect-electronica-capacidade-3-kg","status":"publish","type":"product","link":"https:\/\/ifoffice.pt\/?product=balanca-de-escritorio-q-connect-electronica-capacidade-3-kg","title":{"rendered":"Balanca de escritorio q-connect electronica capacidade 3 kg"},"content":{"rendered":"<p>Plataforma de vidro temperado de 4 mm. Com capacidade at\u00e9 3 Kg. Gradua\u00e7\u00e3o cada 1 g. Ecr\u00e3 LCD 3,9&#215;1,7. Trabalha com 2 pilhas CR2025 (inclu\u00eddas). Di\u00e2metro: 170 mm. Medidas da base: 190 x 210 mm. A balan\u00e7a.<\/p>\n","protected":false},"excerpt":{"rendered":"<p>Balanca de escritorio q-connect electronica capacidade 3 kg<\/p>\n","protected":false},"featured_media":124172,"comment_status":"closed","ping_status":"closed","template":"","meta":{"neve_meta_sidebar":"","neve_meta_container":"","neve_meta_enable_content_width":"off","neve_meta_content_width":0,"neve_meta_title_alignment":"","neve_meta_author_avatar":"","neve_post_elements_order":"","neve_meta_disable_header":"","neve_meta_disable_footer":"","neve_meta_disable_title":""},"product_brand":[],"product_cat":[2448],"product_tag":[2861],"class_list":{"0":"post-94916","1":"product","2":"type-product","3":"status-publish","4":"has-post-thumbnail","6":"product_cat-balancas","7":"product_tag-balancas","9":"first","10":"instock","11":"sale","12":"taxable","13":"shipping-taxable","14":"purchasable","15":"product-type-simple"},"_links":{"self":[{"href":"https:\/\/ifoffice.pt\/index.php?rest_route=\/wp\/v2\/product\/94916","targetHints":{"allow":["GET"]}}],"collection":[{"href":"https:\/\/ifoffice.pt\/index.php?rest_route=\/wp\/v2\/product"}],"about":[{"href":"https:\/\/ifoffice.pt\/index.php?rest_route=\/wp\/v2\/types\/product"}],"replies":[{"embeddable":true,"href":"https:\/\/ifoffice.pt\/index.php?rest_route=%2Fwp%2Fv2%2Fcomments&post=94916"}],"wp:featuredmedia":[{"embeddable":true,"href":"https:\/\/ifoffice.pt\/index.php?rest_route=\/wp\/v2\/media\/124172"}],"wp:attachment":[{"href":"https:\/\/ifoffice.pt\/index.php?rest_route=%2Fwp%2Fv2%2Fmedia&parent=94916"}],"wp:term":[{"taxonomy":"product_brand","embeddable":true,"href":"https:\/\/ifoffice.pt\/index.php?rest_route=%2Fwp%2Fv2%2Fproduct_brand&post=94916"},{"taxonomy":"product_cat","embeddable":true,"href":"https:\/\/ifoffice.pt\/index.php?rest_route=%2Fwp%2Fv2%2Fproduct_cat&post=94916"},{"taxonomy":"product_tag","embeddable":true,"href":"https:\/\/ifoffice.pt\/index.php?rest_route=%2Fwp%2Fv2%2Fproduct_tag&post=94916"}],"curies":[{"name":"wp","href":"https:\/\/api.w.org\/{rel}","templated":true}]}}