{"id":94907,"date":"2021-01-22T22:57:09","date_gmt":"2021-01-22T22:57:09","guid":{"rendered":"https:\/\/ifoffice.pt\/produto\/import-placeholder-for-36169\/"},"modified":"2026-02-23T13:28:53","modified_gmt":"2026-02-23T13:28:53","slug":"lapis-de-cera-liderpapel-24-coresaparaporta-ceras","status":"publish","type":"product","link":"https:\/\/ifoffice.pt\/?product=lapis-de-cera-liderpapel-24-coresaparaporta-ceras","title":{"rendered":"Lapis de cera liderpapel 24 cores+apara+porta ceras"},"content":{"rendered":"<p>Cores brilhantes. Aplicam-se suavemente e misturam-se facilmente. Podem ser usados secos ou  h\u00famidos. Podem usar-se em papel, cart\u00e3o ou len\u00e7o. Altura l\u00e1pis: 75 mm. Di\u00e2metro l\u00e1pis: 12 mm.<\/p>\n","protected":false},"excerpt":{"rendered":"<p>Lapis de cera liderpapel 24 cores+apara+porta ceras<\/p>\n","protected":false},"featured_media":124164,"comment_status":"closed","ping_status":"closed","template":"","meta":{"neve_meta_sidebar":"","neve_meta_container":"","neve_meta_enable_content_width":"off","neve_meta_content_width":0,"neve_meta_title_alignment":"","neve_meta_author_avatar":"","neve_post_elements_order":"","neve_meta_disable_header":"","neve_meta_disable_footer":"","neve_meta_disable_title":""},"product_brand":[],"product_cat":[1774],"product_tag":[2880],"class_list":{"0":"post-94907","1":"product","2":"type-product","3":"status-publish","4":"has-post-thumbnail","6":"product_cat-ceras","7":"product_tag-escolar2023","9":"first","10":"instock","11":"taxable","12":"shipping-taxable","13":"purchasable","14":"product-type-simple"},"_links":{"self":[{"href":"https:\/\/ifoffice.pt\/index.php?rest_route=\/wp\/v2\/product\/94907","targetHints":{"allow":["GET"]}}],"collection":[{"href":"https:\/\/ifoffice.pt\/index.php?rest_route=\/wp\/v2\/product"}],"about":[{"href":"https:\/\/ifoffice.pt\/index.php?rest_route=\/wp\/v2\/types\/product"}],"replies":[{"embeddable":true,"href":"https:\/\/ifoffice.pt\/index.php?rest_route=%2Fwp%2Fv2%2Fcomments&post=94907"}],"wp:featuredmedia":[{"embeddable":true,"href":"https:\/\/ifoffice.pt\/index.php?rest_route=\/wp\/v2\/media\/124164"}],"wp:attachment":[{"href":"https:\/\/ifoffice.pt\/index.php?rest_route=%2Fwp%2Fv2%2Fmedia&parent=94907"}],"wp:term":[{"taxonomy":"product_brand","embeddable":true,"href":"https:\/\/ifoffice.pt\/index.php?rest_route=%2Fwp%2Fv2%2Fproduct_brand&post=94907"},{"taxonomy":"product_cat","embeddable":true,"href":"https:\/\/ifoffice.pt\/index.php?rest_route=%2Fwp%2Fv2%2Fproduct_cat&post=94907"},{"taxonomy":"product_tag","embeddable":true,"href":"https:\/\/ifoffice.pt\/index.php?rest_route=%2Fwp%2Fv2%2Fproduct_tag&post=94907"}],"curies":[{"name":"wp","href":"https:\/\/api.w.org\/{rel}","templated":true}]}}