{"id":94901,"date":"2021-01-22T22:57:08","date_gmt":"2021-01-22T22:57:08","guid":{"rendered":"https:\/\/ifoffice.pt\/produto\/import-placeholder-for-36182\/"},"modified":"2026-02-23T13:28:52","modified_gmt":"2026-02-23T13:28:52","slug":"tabuleiro-de-secretaria-q-connect-plastico-transparente","status":"publish","type":"product","link":"https:\/\/ifoffice.pt\/?product=tabuleiro-de-secretaria-q-connect-plastico-transparente","title":{"rendered":"Tabuleiro de secretaria q-connect plastico transparente"},"content":{"rendered":"<p>Fabricados em pl\u00e1stico de alta resist\u00eancia, para arquivar e classificar documentos e correspond\u00eancia. Dispon\u00edvel em cores opacas e transparentes. Frente ovalizada para permitir f\u00e1cil acesso aos documentos. Medidas: 340 x 240 x 70 mm.<\/p>\n","protected":false},"excerpt":{"rendered":"<p>Tabuleiro de secretaria q-connect plastico transparente<\/p>\n","protected":false},"featured_media":124158,"comment_status":"closed","ping_status":"closed","template":"","meta":{"neve_meta_sidebar":"","neve_meta_container":"","neve_meta_enable_content_width":"","neve_meta_content_width":0,"neve_meta_title_alignment":"","neve_meta_author_avatar":"","neve_post_elements_order":"","neve_meta_disable_header":"","neve_meta_disable_footer":"","neve_meta_disable_title":""},"product_brand":[],"product_cat":[1834],"product_tag":[946],"class_list":{"0":"post-94901","1":"product","2":"type-product","3":"status-publish","4":"has-post-thumbnail","6":"product_cat-tabuleiros-de-secretaria","7":"product_tag-plastico","9":"first","10":"instock","11":"taxable","12":"shipping-taxable","13":"purchasable","14":"product-type-simple"},"_links":{"self":[{"href":"https:\/\/ifoffice.pt\/index.php?rest_route=\/wp\/v2\/product\/94901","targetHints":{"allow":["GET"]}}],"collection":[{"href":"https:\/\/ifoffice.pt\/index.php?rest_route=\/wp\/v2\/product"}],"about":[{"href":"https:\/\/ifoffice.pt\/index.php?rest_route=\/wp\/v2\/types\/product"}],"replies":[{"embeddable":true,"href":"https:\/\/ifoffice.pt\/index.php?rest_route=%2Fwp%2Fv2%2Fcomments&post=94901"}],"wp:featuredmedia":[{"embeddable":true,"href":"https:\/\/ifoffice.pt\/index.php?rest_route=\/wp\/v2\/media\/124158"}],"wp:attachment":[{"href":"https:\/\/ifoffice.pt\/index.php?rest_route=%2Fwp%2Fv2%2Fmedia&parent=94901"}],"wp:term":[{"taxonomy":"product_brand","embeddable":true,"href":"https:\/\/ifoffice.pt\/index.php?rest_route=%2Fwp%2Fv2%2Fproduct_brand&post=94901"},{"taxonomy":"product_cat","embeddable":true,"href":"https:\/\/ifoffice.pt\/index.php?rest_route=%2Fwp%2Fv2%2Fproduct_cat&post=94901"},{"taxonomy":"product_tag","embeddable":true,"href":"https:\/\/ifoffice.pt\/index.php?rest_route=%2Fwp%2Fv2%2Fproduct_tag&post=94901"}],"curies":[{"name":"wp","href":"https:\/\/api.w.org\/{rel}","templated":true}]}}