{"id":94803,"date":"2021-01-22T22:56:18","date_gmt":"2021-01-22T22:56:18","guid":{"rendered":"https:\/\/ifoffice.pt\/produto\/import-placeholder-for-36355\/"},"modified":"2026-02-23T13:28:43","modified_gmt":"2026-02-23T13:28:43","slug":"lapis-de-cores-giotto-bebe-12-unidades","status":"publish","type":"product","link":"https:\/\/ifoffice.pt\/?product=lapis-de-cores-giotto-bebe-12-unidades","title":{"rendered":"Lapis de cor giotto bebe 12 unidades"},"content":{"rendered":"<p>L\u00e1pis de cor, ideais para os mais pequenos. Cores chamativas, suaves,  f\u00e1ceis de usar. Seguros, super lav\u00e1veis e f\u00e1cil de aparar. Minas gigantes. Altura  l\u00e1pis: 104 mm. Di\u00e2metro l\u00e1pis: 10,3 mm. Di\u00e2metro mina: 6,25 mm.<\/p>\n","protected":false},"excerpt":{"rendered":"<p>Lapis de cor giotto bebe 12 unidades<\/p>\n","protected":false},"featured_media":124114,"comment_status":"closed","ping_status":"closed","template":"","meta":{"neve_meta_sidebar":"","neve_meta_container":"","neve_meta_enable_content_width":"off","neve_meta_content_width":0,"neve_meta_title_alignment":"","neve_meta_author_avatar":"","neve_post_elements_order":"","neve_meta_disable_header":"","neve_meta_disable_footer":"","neve_meta_disable_title":""},"product_brand":[],"product_cat":[1856],"product_tag":[1545],"class_list":{"0":"post-94803","1":"product","2":"type-product","3":"status-publish","4":"has-post-thumbnail","6":"product_cat-lapis-de-cor","7":"product_tag-cartao","9":"first","10":"instock","11":"taxable","12":"shipping-taxable","13":"purchasable","14":"product-type-simple"},"_links":{"self":[{"href":"https:\/\/ifoffice.pt\/index.php?rest_route=\/wp\/v2\/product\/94803","targetHints":{"allow":["GET"]}}],"collection":[{"href":"https:\/\/ifoffice.pt\/index.php?rest_route=\/wp\/v2\/product"}],"about":[{"href":"https:\/\/ifoffice.pt\/index.php?rest_route=\/wp\/v2\/types\/product"}],"replies":[{"embeddable":true,"href":"https:\/\/ifoffice.pt\/index.php?rest_route=%2Fwp%2Fv2%2Fcomments&post=94803"}],"wp:featuredmedia":[{"embeddable":true,"href":"https:\/\/ifoffice.pt\/index.php?rest_route=\/wp\/v2\/media\/124114"}],"wp:attachment":[{"href":"https:\/\/ifoffice.pt\/index.php?rest_route=%2Fwp%2Fv2%2Fmedia&parent=94803"}],"wp:term":[{"taxonomy":"product_brand","embeddable":true,"href":"https:\/\/ifoffice.pt\/index.php?rest_route=%2Fwp%2Fv2%2Fproduct_brand&post=94803"},{"taxonomy":"product_cat","embeddable":true,"href":"https:\/\/ifoffice.pt\/index.php?rest_route=%2Fwp%2Fv2%2Fproduct_cat&post=94803"},{"taxonomy":"product_tag","embeddable":true,"href":"https:\/\/ifoffice.pt\/index.php?rest_route=%2Fwp%2Fv2%2Fproduct_tag&post=94803"}],"curies":[{"name":"wp","href":"https:\/\/api.w.org\/{rel}","templated":true}]}}