{"id":94802,"date":"2021-01-22T22:56:18","date_gmt":"2021-01-22T22:56:18","guid":{"rendered":"https:\/\/ifoffice.pt\/produto\/import-placeholder-for-36356\/"},"modified":"2026-02-23T13:28:43","modified_gmt":"2026-02-23T13:28:43","slug":"marcador-bebe-giotto-122-unidades","status":"publish","type":"product","link":"https:\/\/ifoffice.pt\/?product=marcador-bebe-giotto-122-unidades","title":{"rendered":"Marcador bebe giotto 12+2 unidades"},"content":{"rendered":"<p>Marcadores ideais para os mais pequenos. Cores seguras, super lav\u00e1veis  das m\u00e3os e tecidos, dermatol\u00f3gicamente testados. Tampa de seguran\u00e7a  ventilada anti-sufoco. Caixa de 12 marcadores.<\/p>\n","protected":false},"excerpt":{"rendered":"<p>Marcador bebe giotto 12+2 unidades<\/p>\n","protected":false},"featured_media":124113,"comment_status":"closed","ping_status":"closed","template":"","meta":{"neve_meta_sidebar":"","neve_meta_container":"","neve_meta_enable_content_width":"off","neve_meta_content_width":0,"neve_meta_title_alignment":"","neve_meta_author_avatar":"","neve_post_elements_order":"","neve_meta_disable_header":"","neve_meta_disable_footer":"","neve_meta_disable_title":""},"product_brand":[],"product_cat":[1855],"product_tag":[2040],"class_list":{"0":"post-94802","1":"product","2":"type-product","3":"status-publish","4":"has-post-thumbnail","6":"product_cat-marcadores-escolares","7":"product_tag-giotto","9":"first","10":"instock","11":"taxable","12":"shipping-taxable","13":"purchasable","14":"product-type-simple"},"_links":{"self":[{"href":"https:\/\/ifoffice.pt\/index.php?rest_route=\/wp\/v2\/product\/94802","targetHints":{"allow":["GET"]}}],"collection":[{"href":"https:\/\/ifoffice.pt\/index.php?rest_route=\/wp\/v2\/product"}],"about":[{"href":"https:\/\/ifoffice.pt\/index.php?rest_route=\/wp\/v2\/types\/product"}],"replies":[{"embeddable":true,"href":"https:\/\/ifoffice.pt\/index.php?rest_route=%2Fwp%2Fv2%2Fcomments&post=94802"}],"wp:featuredmedia":[{"embeddable":true,"href":"https:\/\/ifoffice.pt\/index.php?rest_route=\/wp\/v2\/media\/124113"}],"wp:attachment":[{"href":"https:\/\/ifoffice.pt\/index.php?rest_route=%2Fwp%2Fv2%2Fmedia&parent=94802"}],"wp:term":[{"taxonomy":"product_brand","embeddable":true,"href":"https:\/\/ifoffice.pt\/index.php?rest_route=%2Fwp%2Fv2%2Fproduct_brand&post=94802"},{"taxonomy":"product_cat","embeddable":true,"href":"https:\/\/ifoffice.pt\/index.php?rest_route=%2Fwp%2Fv2%2Fproduct_cat&post=94802"},{"taxonomy":"product_tag","embeddable":true,"href":"https:\/\/ifoffice.pt\/index.php?rest_route=%2Fwp%2Fv2%2Fproduct_tag&post=94802"}],"curies":[{"name":"wp","href":"https:\/\/api.w.org\/{rel}","templated":true}]}}