{"id":94801,"date":"2021-01-22T22:56:18","date_gmt":"2021-01-22T22:56:18","guid":{"rendered":"https:\/\/ifoffice.pt\/produto\/import-placeholder-for-36358\/"},"modified":"2026-02-23T13:28:43","modified_gmt":"2026-02-23T13:28:43","slug":"lapis-de-cera-giotto-bebe-com-10-lapis","status":"publish","type":"product","link":"https:\/\/ifoffice.pt\/?product=lapis-de-cera-giotto-bebe-com-10-lapis","title":{"rendered":"Lapis de cera giotto bebe com 10 lapis"},"content":{"rendered":"<p>L\u00e1pis de cera giotto ideal para crian\u00e7as. Cores chamativas, intensas, f\u00e1ceis de usar, seguros, lav\u00e1veis e resistentes. Com 7,5 cm de comprimento e 11 mm de di\u00e2metro. Ideal para maiores de 2 anos. Caixa de 10 unidades + apara l\u00e1pis.<\/p>\n","protected":false},"excerpt":{"rendered":"<p>Lapis de cera giotto bebe com 10 lapis<\/p>\n","protected":false},"featured_media":124112,"comment_status":"closed","ping_status":"closed","template":"","meta":{"neve_meta_sidebar":"","neve_meta_container":"","neve_meta_enable_content_width":"off","neve_meta_content_width":100,"neve_meta_title_alignment":"","neve_meta_author_avatar":"","neve_post_elements_order":"","neve_meta_disable_header":"","neve_meta_disable_footer":"","neve_meta_disable_title":""},"product_brand":[],"product_cat":[1774],"product_tag":[],"class_list":{"0":"post-94801","1":"product","2":"type-product","3":"status-publish","4":"has-post-thumbnail","6":"product_cat-ceras","8":"first","9":"instock","10":"taxable","11":"shipping-taxable","12":"purchasable","13":"product-type-simple"},"_links":{"self":[{"href":"https:\/\/ifoffice.pt\/index.php?rest_route=\/wp\/v2\/product\/94801","targetHints":{"allow":["GET"]}}],"collection":[{"href":"https:\/\/ifoffice.pt\/index.php?rest_route=\/wp\/v2\/product"}],"about":[{"href":"https:\/\/ifoffice.pt\/index.php?rest_route=\/wp\/v2\/types\/product"}],"replies":[{"embeddable":true,"href":"https:\/\/ifoffice.pt\/index.php?rest_route=%2Fwp%2Fv2%2Fcomments&post=94801"}],"wp:featuredmedia":[{"embeddable":true,"href":"https:\/\/ifoffice.pt\/index.php?rest_route=\/wp\/v2\/media\/124112"}],"wp:attachment":[{"href":"https:\/\/ifoffice.pt\/index.php?rest_route=%2Fwp%2Fv2%2Fmedia&parent=94801"}],"wp:term":[{"taxonomy":"product_brand","embeddable":true,"href":"https:\/\/ifoffice.pt\/index.php?rest_route=%2Fwp%2Fv2%2Fproduct_brand&post=94801"},{"taxonomy":"product_cat","embeddable":true,"href":"https:\/\/ifoffice.pt\/index.php?rest_route=%2Fwp%2Fv2%2Fproduct_cat&post=94801"},{"taxonomy":"product_tag","embeddable":true,"href":"https:\/\/ifoffice.pt\/index.php?rest_route=%2Fwp%2Fv2%2Fproduct_tag&post=94801"}],"curies":[{"name":"wp","href":"https:\/\/api.w.org\/{rel}","templated":true}]}}