{"id":94800,"date":"2021-01-22T22:56:18","date_gmt":"2021-01-22T22:56:18","guid":{"rendered":"https:\/\/ifoffice.pt\/produto\/import-placeholder-for-36373\/"},"modified":"2026-02-23T13:28:42","modified_gmt":"2026-02-23T13:28:42","slug":"esfregona-ultra-seca-3m-scotchbrite","status":"publish","type":"product","link":"https:\/\/ifoffice.pt\/?product=esfregona-ultra-seca-3m-scotchbrite","title":{"rendered":"Esfregona ultra seca 3m scotchbrite"},"content":{"rendered":"<p>Facilita a limpeza de todo tipo de superf\u00edcies.  Proporciona uma secagem r\u00e1pida gra\u00e7as \u00e0s tiras super absorventes.<\/p>\n","protected":false},"excerpt":{"rendered":"<p>Esfregona ultra seca 3m scotchbrite<\/p>\n","protected":false},"featured_media":124111,"comment_status":"closed","ping_status":"closed","template":"","meta":{"neve_meta_sidebar":"","neve_meta_container":"","neve_meta_enable_content_width":"","neve_meta_content_width":0,"neve_meta_title_alignment":"","neve_meta_author_avatar":"","neve_post_elements_order":"","neve_meta_disable_header":"","neve_meta_disable_footer":"","neve_meta_disable_title":""},"product_brand":[],"product_cat":[1792],"product_tag":[2016],"class_list":{"0":"post-94800","1":"product","2":"type-product","3":"status-publish","4":"has-post-thumbnail","6":"product_cat-produtos-de-limpeza","7":"product_tag-esfregonas","9":"first","10":"instock","11":"taxable","12":"shipping-taxable","13":"purchasable","14":"product-type-simple"},"_links":{"self":[{"href":"https:\/\/ifoffice.pt\/index.php?rest_route=\/wp\/v2\/product\/94800","targetHints":{"allow":["GET"]}}],"collection":[{"href":"https:\/\/ifoffice.pt\/index.php?rest_route=\/wp\/v2\/product"}],"about":[{"href":"https:\/\/ifoffice.pt\/index.php?rest_route=\/wp\/v2\/types\/product"}],"replies":[{"embeddable":true,"href":"https:\/\/ifoffice.pt\/index.php?rest_route=%2Fwp%2Fv2%2Fcomments&post=94800"}],"wp:featuredmedia":[{"embeddable":true,"href":"https:\/\/ifoffice.pt\/index.php?rest_route=\/wp\/v2\/media\/124111"}],"wp:attachment":[{"href":"https:\/\/ifoffice.pt\/index.php?rest_route=%2Fwp%2Fv2%2Fmedia&parent=94800"}],"wp:term":[{"taxonomy":"product_brand","embeddable":true,"href":"https:\/\/ifoffice.pt\/index.php?rest_route=%2Fwp%2Fv2%2Fproduct_brand&post=94800"},{"taxonomy":"product_cat","embeddable":true,"href":"https:\/\/ifoffice.pt\/index.php?rest_route=%2Fwp%2Fv2%2Fproduct_cat&post=94800"},{"taxonomy":"product_tag","embeddable":true,"href":"https:\/\/ifoffice.pt\/index.php?rest_route=%2Fwp%2Fv2%2Fproduct_tag&post=94800"}],"curies":[{"name":"wp","href":"https:\/\/api.w.org\/{rel}","templated":true}]}}