{"id":94591,"date":"2021-01-22T22:54:40","date_gmt":"2021-01-22T22:54:40","guid":{"rendered":"https:\/\/ifoffice.pt\/produto\/import-placeholder-for-37546\/"},"modified":"2026-02-23T13:28:25","modified_gmt":"2026-02-23T13:28:25","slug":"cisalha-mr-plastico-6532-alavanca-de-32-cm","status":"publish","type":"product","link":"https:\/\/ifoffice.pt\/?product=cisalha-mr-plastico-6532-alavanca-de-32-cm","title":{"rendered":"Cisalha m+r plastico 6532 &#8211; alavanca de 32 cm"},"content":{"rendered":"<p>Base de pl\u00e1stico. L\u00e2mina inferior de a\u00e7o temperado, com vareta para proteger os dedos. Corta at\u00e9 Din A4 ao baixo. Capacidade de corte: 6 folhas. Comprimento de corte: 32 cm. Medidas: 440 x 180 x 67 cm.<\/p>\n","protected":false},"excerpt":{"rendered":"<p>Cisalha m+r plastico 6532 &#8211; alavanca de 32 cm<\/p>\n","protected":false},"featured_media":124017,"comment_status":"closed","ping_status":"closed","template":"","meta":{"neve_meta_sidebar":"","neve_meta_container":"","neve_meta_enable_content_width":"off","neve_meta_content_width":0,"neve_meta_title_alignment":"","neve_meta_author_avatar":"","neve_post_elements_order":"","neve_meta_disable_header":"","neve_meta_disable_footer":"","neve_meta_disable_title":""},"product_brand":[],"product_cat":[1878],"product_tag":[1405],"class_list":{"0":"post-94591","1":"product","2":"type-product","3":"status-publish","4":"has-post-thumbnail","6":"product_cat-cisalhas-e-guilhotinas","7":"product_tag-alavanca","9":"first","10":"instock","11":"taxable","12":"shipping-taxable","13":"purchasable","14":"product-type-simple"},"_links":{"self":[{"href":"https:\/\/ifoffice.pt\/index.php?rest_route=\/wp\/v2\/product\/94591","targetHints":{"allow":["GET"]}}],"collection":[{"href":"https:\/\/ifoffice.pt\/index.php?rest_route=\/wp\/v2\/product"}],"about":[{"href":"https:\/\/ifoffice.pt\/index.php?rest_route=\/wp\/v2\/types\/product"}],"replies":[{"embeddable":true,"href":"https:\/\/ifoffice.pt\/index.php?rest_route=%2Fwp%2Fv2%2Fcomments&post=94591"}],"wp:featuredmedia":[{"embeddable":true,"href":"https:\/\/ifoffice.pt\/index.php?rest_route=\/wp\/v2\/media\/124017"}],"wp:attachment":[{"href":"https:\/\/ifoffice.pt\/index.php?rest_route=%2Fwp%2Fv2%2Fmedia&parent=94591"}],"wp:term":[{"taxonomy":"product_brand","embeddable":true,"href":"https:\/\/ifoffice.pt\/index.php?rest_route=%2Fwp%2Fv2%2Fproduct_brand&post=94591"},{"taxonomy":"product_cat","embeddable":true,"href":"https:\/\/ifoffice.pt\/index.php?rest_route=%2Fwp%2Fv2%2Fproduct_cat&post=94591"},{"taxonomy":"product_tag","embeddable":true,"href":"https:\/\/ifoffice.pt\/index.php?rest_route=%2Fwp%2Fv2%2Fproduct_tag&post=94591"}],"curies":[{"name":"wp","href":"https:\/\/api.w.org\/{rel}","templated":true}]}}