{"id":94551,"date":"2021-01-22T22:52:51","date_gmt":"2021-01-22T22:52:51","guid":{"rendered":"https:\/\/ifoffice.pt\/produto\/import-placeholder-for-37595\/"},"modified":"2025-05-12T15:44:28","modified_gmt":"2025-05-12T15:44:28","slug":"pasta-2-aneis-40-mm-plastico-pardo-folio-azul","status":"publish","type":"product","link":"https:\/\/ifoffice.pt\/?product=pasta-2-aneis-40-mm-plastico-pardo-folio-azul","title":{"rendered":"Pasta 2 aneis 40 mm plastico pardo folio azul"},"content":{"rendered":"<p>Pasta de 2 an\u00e9is fabricada em cart\u00e3o forrado em pl\u00e1stico soldado. 3 mm de espessura. Porta etiquetas na lombada e bolsa de pl\u00e1stico no interior de capa. Formato f\u00f3lio. Medidas: 335 x 285 mm.<\/p>\n","protected":false},"excerpt":{"rendered":"<p>PACK DE 2 UNIDADES<\/p>\n","protected":false},"featured_media":124002,"comment_status":"closed","ping_status":"closed","template":"","meta":{"neve_meta_sidebar":"","neve_meta_container":"","neve_meta_enable_content_width":"off","neve_meta_content_width":0,"neve_meta_title_alignment":"","neve_meta_author_avatar":"","neve_post_elements_order":"","neve_meta_disable_header":"","neve_meta_disable_footer":"","neve_meta_disable_title":""},"product_brand":[],"product_cat":[2825],"product_tag":[794],"class_list":{"0":"post-94551","1":"product","2":"type-product","3":"status-publish","4":"has-post-thumbnail","6":"product_cat-pastas-de-aneis-em-plastico","7":"product_tag-pastas-de-aneis","9":"first","10":"instock","11":"taxable","12":"shipping-taxable","13":"purchasable","14":"product-type-variable","15":"has-default-attributes"},"_links":{"self":[{"href":"https:\/\/ifoffice.pt\/index.php?rest_route=\/wp\/v2\/product\/94551","targetHints":{"allow":["GET"]}}],"collection":[{"href":"https:\/\/ifoffice.pt\/index.php?rest_route=\/wp\/v2\/product"}],"about":[{"href":"https:\/\/ifoffice.pt\/index.php?rest_route=\/wp\/v2\/types\/product"}],"replies":[{"embeddable":true,"href":"https:\/\/ifoffice.pt\/index.php?rest_route=%2Fwp%2Fv2%2Fcomments&post=94551"}],"wp:featuredmedia":[{"embeddable":true,"href":"https:\/\/ifoffice.pt\/index.php?rest_route=\/wp\/v2\/media\/124002"}],"wp:attachment":[{"href":"https:\/\/ifoffice.pt\/index.php?rest_route=%2Fwp%2Fv2%2Fmedia&parent=94551"}],"wp:term":[{"taxonomy":"product_brand","embeddable":true,"href":"https:\/\/ifoffice.pt\/index.php?rest_route=%2Fwp%2Fv2%2Fproduct_brand&post=94551"},{"taxonomy":"product_cat","embeddable":true,"href":"https:\/\/ifoffice.pt\/index.php?rest_route=%2Fwp%2Fv2%2Fproduct_cat&post=94551"},{"taxonomy":"product_tag","embeddable":true,"href":"https:\/\/ifoffice.pt\/index.php?rest_route=%2Fwp%2Fv2%2Fproduct_tag&post=94551"}],"curies":[{"name":"wp","href":"https:\/\/api.w.org\/{rel}","templated":true}]}}