{"id":94549,"date":"2021-01-22T22:52:50","date_gmt":"2021-01-22T22:52:50","guid":{"rendered":"https:\/\/ifoffice.pt\/produto\/import-placeholder-for-37597\/"},"modified":"2026-02-23T13:28:22","modified_gmt":"2026-02-23T13:28:22","slug":"alicate-q-connect-para-espirais-metalicas","status":"publish","type":"product","link":"https:\/\/ifoffice.pt\/produto\/alicate-q-connect-para-espirais-metalicas\/","title":{"rendered":"Alicate q-connect para espirais metalicas"},"content":{"rendered":"<p>Com cabo de borracha, para uma maior firmeza. Corta todo o tipo de espirais met\u00e1licas e realiza a dobra de termina\u00e7\u00e3o, evitando encraves. Comprimento: 13 cm.<\/p>\n","protected":false},"excerpt":{"rendered":"<p>Alicate q-connect para espirais metalicas<\/p>\n","protected":false},"featured_media":124000,"comment_status":"closed","ping_status":"closed","template":"","meta":{"neve_meta_sidebar":"","neve_meta_container":"","neve_meta_enable_content_width":"off","neve_meta_content_width":0,"neve_meta_title_alignment":"","neve_meta_author_avatar":"","neve_post_elements_order":"","neve_meta_disable_header":"","neve_meta_disable_footer":"","neve_meta_disable_title":""},"product_brand":[],"product_cat":[1852],"product_tag":[2295],"class_list":{"0":"post-94549","1":"product","2":"type-product","3":"status-publish","4":"has-post-thumbnail","6":"product_cat-encadernadoras","7":"product_tag-alicate","9":"first","10":"instock","11":"sale","12":"taxable","13":"shipping-taxable","14":"purchasable","15":"product-type-simple"},"_links":{"self":[{"href":"https:\/\/ifoffice.pt\/wp-json\/wp\/v2\/product\/94549","targetHints":{"allow":["GET"]}}],"collection":[{"href":"https:\/\/ifoffice.pt\/wp-json\/wp\/v2\/product"}],"about":[{"href":"https:\/\/ifoffice.pt\/wp-json\/wp\/v2\/types\/product"}],"replies":[{"embeddable":true,"href":"https:\/\/ifoffice.pt\/wp-json\/wp\/v2\/comments?post=94549"}],"wp:featuredmedia":[{"embeddable":true,"href":"https:\/\/ifoffice.pt\/wp-json\/wp\/v2\/media\/124000"}],"wp:attachment":[{"href":"https:\/\/ifoffice.pt\/wp-json\/wp\/v2\/media?parent=94549"}],"wp:term":[{"taxonomy":"product_brand","embeddable":true,"href":"https:\/\/ifoffice.pt\/wp-json\/wp\/v2\/product_brand?post=94549"},{"taxonomy":"product_cat","embeddable":true,"href":"https:\/\/ifoffice.pt\/wp-json\/wp\/v2\/product_cat?post=94549"},{"taxonomy":"product_tag","embeddable":true,"href":"https:\/\/ifoffice.pt\/wp-json\/wp\/v2\/product_tag?post=94549"}],"curies":[{"name":"wp","href":"https:\/\/api.w.org\/{rel}","templated":true}]}}