{"id":94457,"date":"2021-01-22T22:52:03","date_gmt":"2021-01-22T22:52:03","guid":{"rendered":"https:\/\/ifoffice.pt\/produto\/import-placeholder-for-37683\/"},"modified":"2026-02-23T13:28:13","modified_gmt":"2026-02-23T13:28:13","slug":"porta-notas-q-connect-plastico-din-a4-transparente-extra-duro","status":"publish","type":"product","link":"https:\/\/ifoffice.pt\/?product=porta-notas-q-connect-plastico-din-a4-transparente-extra-duro","title":{"rendered":"Porta notas q-connect plastico din a4 transparente extra duro"},"content":{"rendered":"<p>Fabricado em pl\u00e1stico transparente, extra-duro, com mola met\u00e1lica. Superf\u00edcie lisa para proporcionar uma f\u00e1cil escrita sobre o papel. Formato Din A4.<\/p>\n","protected":false},"excerpt":{"rendered":"<p>Porta notas q-connect plastico din a4 transparente extra duro<\/p>\n","protected":false},"featured_media":123960,"comment_status":"closed","ping_status":"closed","template":"","meta":{"neve_meta_sidebar":"","neve_meta_container":"","neve_meta_enable_content_width":"","neve_meta_content_width":0,"neve_meta_title_alignment":"","neve_meta_author_avatar":"","neve_post_elements_order":"","neve_meta_disable_header":"","neve_meta_disable_footer":"","neve_meta_disable_title":""},"product_brand":[],"product_cat":[1784],"product_tag":[785],"class_list":{"0":"post-94457","1":"product","2":"type-product","3":"status-publish","4":"has-post-thumbnail","6":"product_cat-capas-classificadoras","7":"product_tag-din-a4-210-x-297-mm","9":"first","10":"instock","11":"taxable","12":"shipping-taxable","13":"purchasable","14":"product-type-simple"},"_links":{"self":[{"href":"https:\/\/ifoffice.pt\/index.php?rest_route=\/wp\/v2\/product\/94457","targetHints":{"allow":["GET"]}}],"collection":[{"href":"https:\/\/ifoffice.pt\/index.php?rest_route=\/wp\/v2\/product"}],"about":[{"href":"https:\/\/ifoffice.pt\/index.php?rest_route=\/wp\/v2\/types\/product"}],"replies":[{"embeddable":true,"href":"https:\/\/ifoffice.pt\/index.php?rest_route=%2Fwp%2Fv2%2Fcomments&post=94457"}],"wp:featuredmedia":[{"embeddable":true,"href":"https:\/\/ifoffice.pt\/index.php?rest_route=\/wp\/v2\/media\/123960"}],"wp:attachment":[{"href":"https:\/\/ifoffice.pt\/index.php?rest_route=%2Fwp%2Fv2%2Fmedia&parent=94457"}],"wp:term":[{"taxonomy":"product_brand","embeddable":true,"href":"https:\/\/ifoffice.pt\/index.php?rest_route=%2Fwp%2Fv2%2Fproduct_brand&post=94457"},{"taxonomy":"product_cat","embeddable":true,"href":"https:\/\/ifoffice.pt\/index.php?rest_route=%2Fwp%2Fv2%2Fproduct_cat&post=94457"},{"taxonomy":"product_tag","embeddable":true,"href":"https:\/\/ifoffice.pt\/index.php?rest_route=%2Fwp%2Fv2%2Fproduct_tag&post=94457"}],"curies":[{"name":"wp","href":"https:\/\/api.w.org\/{rel}","templated":true}]}}