{"id":94454,"date":"2021-01-22T22:52:02","date_gmt":"2021-01-22T22:52:02","guid":{"rendered":"https:\/\/ifoffice.pt\/produto\/import-placeholder-for-37686\/"},"modified":"2026-02-23T13:28:13","modified_gmt":"2026-02-23T13:28:13","slug":"porta-menus-liderpapel-formato-din-a5-com-3-pag","status":"publish","type":"product","link":"https:\/\/ifoffice.pt\/?product=porta-menus-liderpapel-formato-din-a5-com-3-pag","title":{"rendered":"Porta-menus liderpapel formato din a5 com 3 pag"},"content":{"rendered":"<p>Ideal para qualquer estabelecimento de hotelaria. Fabricado em PVC com lombada de pl\u00e1stico r\u00edgido. Dispon\u00edvel em v\u00e1rios formatos e quantidade de p\u00e1ginas interiores. Muito resistente e f\u00e1cil de limpar.<\/p>\n","protected":false},"excerpt":{"rendered":"<p>Porta-menus liderpapel formato din a5 com 3 pag<\/p>\n","protected":false},"featured_media":123958,"comment_status":"closed","ping_status":"closed","template":"","meta":{"neve_meta_sidebar":"","neve_meta_container":"","neve_meta_enable_content_width":"","neve_meta_content_width":0,"neve_meta_title_alignment":"","neve_meta_author_avatar":"","neve_post_elements_order":"","neve_meta_disable_header":"","neve_meta_disable_footer":"","neve_meta_disable_title":""},"product_brand":[],"product_cat":[1787],"product_tag":[],"class_list":{"0":"post-94454","1":"product","2":"type-product","3":"status-publish","4":"has-post-thumbnail","6":"product_cat-hotelaria-e-restauracao","8":"first","9":"instock","10":"taxable","11":"shipping-taxable","12":"purchasable","13":"product-type-simple"},"_links":{"self":[{"href":"https:\/\/ifoffice.pt\/index.php?rest_route=\/wp\/v2\/product\/94454","targetHints":{"allow":["GET"]}}],"collection":[{"href":"https:\/\/ifoffice.pt\/index.php?rest_route=\/wp\/v2\/product"}],"about":[{"href":"https:\/\/ifoffice.pt\/index.php?rest_route=\/wp\/v2\/types\/product"}],"replies":[{"embeddable":true,"href":"https:\/\/ifoffice.pt\/index.php?rest_route=%2Fwp%2Fv2%2Fcomments&post=94454"}],"wp:featuredmedia":[{"embeddable":true,"href":"https:\/\/ifoffice.pt\/index.php?rest_route=\/wp\/v2\/media\/123958"}],"wp:attachment":[{"href":"https:\/\/ifoffice.pt\/index.php?rest_route=%2Fwp%2Fv2%2Fmedia&parent=94454"}],"wp:term":[{"taxonomy":"product_brand","embeddable":true,"href":"https:\/\/ifoffice.pt\/index.php?rest_route=%2Fwp%2Fv2%2Fproduct_brand&post=94454"},{"taxonomy":"product_cat","embeddable":true,"href":"https:\/\/ifoffice.pt\/index.php?rest_route=%2Fwp%2Fv2%2Fproduct_cat&post=94454"},{"taxonomy":"product_tag","embeddable":true,"href":"https:\/\/ifoffice.pt\/index.php?rest_route=%2Fwp%2Fv2%2Fproduct_tag&post=94454"}],"curies":[{"name":"wp","href":"https:\/\/api.w.org\/{rel}","templated":true}]}}