{"id":94348,"date":"2021-01-22T22:51:14","date_gmt":"2021-01-22T22:51:14","guid":{"rendered":"https:\/\/ifoffice.pt\/produto\/import-placeholder-for-37957\/"},"modified":"2026-04-06T16:02:10","modified_gmt":"2026-04-06T16:02:10","slug":"rato-optico-q-connect-com-porta-usb","status":"publish","type":"product","link":"https:\/\/ifoffice.pt\/?product=rato-optico-q-connect-com-porta-usb","title":{"rendered":"Rato optico q-connect com porta usb"},"content":{"rendered":"<p>Rato \u00f3tico de 3 bot\u00f5es. Funciona sobre qualquer superf\u00edcie. Scroll com movimento horizontal e vertical. Tecnologia \u00f3tica de 800 dpi. Funciona em portas USB. Cabo de 1,45 m.<\/p>\n","protected":false},"excerpt":{"rendered":"<p>Rato optico q-connect com porta usb<\/p>\n","protected":false},"featured_media":123912,"comment_status":"closed","ping_status":"closed","template":"","meta":{"neve_meta_sidebar":"","neve_meta_container":"","neve_meta_enable_content_width":"off","neve_meta_content_width":100,"neve_meta_title_alignment":"","neve_meta_author_avatar":"","neve_post_elements_order":"","neve_meta_disable_header":"","neve_meta_disable_footer":"","neve_meta_disable_title":""},"product_brand":[],"product_cat":[1918],"product_tag":[3234,1335],"class_list":{"0":"post-94348","1":"product","2":"type-product","3":"status-publish","4":"has-post-thumbnail","6":"product_cat-teclados-ratos","7":"product_tag-promocao-abril-2026","8":"product_tag-ratos","10":"first","11":"instock","12":"sale","13":"taxable","14":"shipping-taxable","15":"purchasable","16":"product-type-simple"},"_links":{"self":[{"href":"https:\/\/ifoffice.pt\/index.php?rest_route=\/wp\/v2\/product\/94348","targetHints":{"allow":["GET"]}}],"collection":[{"href":"https:\/\/ifoffice.pt\/index.php?rest_route=\/wp\/v2\/product"}],"about":[{"href":"https:\/\/ifoffice.pt\/index.php?rest_route=\/wp\/v2\/types\/product"}],"replies":[{"embeddable":true,"href":"https:\/\/ifoffice.pt\/index.php?rest_route=%2Fwp%2Fv2%2Fcomments&post=94348"}],"wp:featuredmedia":[{"embeddable":true,"href":"https:\/\/ifoffice.pt\/index.php?rest_route=\/wp\/v2\/media\/123912"}],"wp:attachment":[{"href":"https:\/\/ifoffice.pt\/index.php?rest_route=%2Fwp%2Fv2%2Fmedia&parent=94348"}],"wp:term":[{"taxonomy":"product_brand","embeddable":true,"href":"https:\/\/ifoffice.pt\/index.php?rest_route=%2Fwp%2Fv2%2Fproduct_brand&post=94348"},{"taxonomy":"product_cat","embeddable":true,"href":"https:\/\/ifoffice.pt\/index.php?rest_route=%2Fwp%2Fv2%2Fproduct_cat&post=94348"},{"taxonomy":"product_tag","embeddable":true,"href":"https:\/\/ifoffice.pt\/index.php?rest_route=%2Fwp%2Fv2%2Fproduct_tag&post=94348"}],"curies":[{"name":"wp","href":"https:\/\/api.w.org\/{rel}","templated":true}]}}