{"id":94308,"date":"2021-01-22T22:50:51","date_gmt":"2021-01-22T22:50:51","guid":{"rendered":"https:\/\/ifoffice.pt\/produto\/import-placeholder-for-37982\/"},"modified":"2026-02-23T13:28:03","modified_gmt":"2026-02-23T13:28:03","slug":"bandas-separadoras-rigidas-da-post-it-medias-508x38-mm","status":"publish","type":"product","link":"https:\/\/ifoffice.pt\/?product=bandas-separadoras-rigidas-da-post-it-medias-508x38-mm","title":{"rendered":"Bandas separadoras rigidas post-it index medias 50,8&#215;38 mm"},"content":{"rendered":"<p>Extra grossura. N\u00e3o se enrugam ou dobram com o tempo. Transl\u00facidas. Podem trocar-se de lugar facilmente sem danificar o documento. Pode ainda escrever em toda a sua superf\u00edcie. Medidas: 50,8 x 38 mm. 24 index: 6 de cada cor.<\/p>\n","protected":false},"excerpt":{"rendered":"<p>Bandas separadoras rigidas post-it index medias 50,8&#215;38 mm<\/p>\n","protected":false},"featured_media":123900,"comment_status":"closed","ping_status":"closed","template":"","meta":{"neve_meta_sidebar":"","neve_meta_container":"","neve_meta_enable_content_width":"off","neve_meta_content_width":0,"neve_meta_title_alignment":"","neve_meta_author_avatar":"","neve_post_elements_order":"","neve_meta_disable_header":"","neve_meta_disable_footer":"","neve_meta_disable_title":""},"product_brand":[],"product_cat":[1960],"product_tag":[2082],"class_list":{"0":"post-94308","1":"product","2":"type-product","3":"status-publish","4":"has-post-thumbnail","6":"product_cat-bloco-notas-bandas-separadora","7":"product_tag-bandas-separadoras","9":"first","10":"instock","11":"taxable","12":"shipping-taxable","13":"purchasable","14":"product-type-simple"},"_links":{"self":[{"href":"https:\/\/ifoffice.pt\/index.php?rest_route=\/wp\/v2\/product\/94308","targetHints":{"allow":["GET"]}}],"collection":[{"href":"https:\/\/ifoffice.pt\/index.php?rest_route=\/wp\/v2\/product"}],"about":[{"href":"https:\/\/ifoffice.pt\/index.php?rest_route=\/wp\/v2\/types\/product"}],"replies":[{"embeddable":true,"href":"https:\/\/ifoffice.pt\/index.php?rest_route=%2Fwp%2Fv2%2Fcomments&post=94308"}],"wp:featuredmedia":[{"embeddable":true,"href":"https:\/\/ifoffice.pt\/index.php?rest_route=\/wp\/v2\/media\/123900"}],"wp:attachment":[{"href":"https:\/\/ifoffice.pt\/index.php?rest_route=%2Fwp%2Fv2%2Fmedia&parent=94308"}],"wp:term":[{"taxonomy":"product_brand","embeddable":true,"href":"https:\/\/ifoffice.pt\/index.php?rest_route=%2Fwp%2Fv2%2Fproduct_brand&post=94308"},{"taxonomy":"product_cat","embeddable":true,"href":"https:\/\/ifoffice.pt\/index.php?rest_route=%2Fwp%2Fv2%2Fproduct_cat&post=94308"},{"taxonomy":"product_tag","embeddable":true,"href":"https:\/\/ifoffice.pt\/index.php?rest_route=%2Fwp%2Fv2%2Fproduct_tag&post=94308"}],"curies":[{"name":"wp","href":"https:\/\/api.w.org\/{rel}","templated":true}]}}