{"id":94222,"date":"2021-01-22T22:50:05","date_gmt":"2021-01-22T22:50:05","guid":{"rendered":"https:\/\/ifoffice.pt\/produto\/import-placeholder-for-38157\/"},"modified":"2026-02-23T13:27:56","modified_gmt":"2026-02-23T13:27:56","slug":"papel-reprografia-para-plotter914mmx91mt-80gr-impressao-tinteiro-monocromo","status":"publish","type":"product","link":"https:\/\/ifoffice.pt\/?product=papel-reprografia-para-plotter914mmx91mt-80gr-impressao-tinteiro-monocromo","title":{"rendered":"Papel reprografia para plotter 914mmx91mt 80gr impressao tinteiro monocromo"},"content":{"rendered":"<p>Papel opaco, muito branco, extremamente plano. Superf\u00edcie tratada para perfeita ader\u00eancia ao toner. Aplica\u00e7\u00f5es: adequado para reprografia e flexografia e apto para impress\u00e3o. Tinteiro monocrom\u00e1tico. Resolu\u00e7\u00e3o: 2.880 dpi. A bobine.<\/p>\n","protected":false},"excerpt":{"rendered":"<p>Papel reprografia para plotter 914mmx91mt 80gr impressao tinteiro monocromo<\/p>\n","protected":false},"featured_media":123866,"comment_status":"closed","ping_status":"closed","template":"","meta":{"neve_meta_sidebar":"","neve_meta_container":"","neve_meta_enable_content_width":"","neve_meta_content_width":0,"neve_meta_title_alignment":"","neve_meta_author_avatar":"","neve_post_elements_order":"","neve_meta_disable_header":"","neve_meta_disable_footer":"","neve_meta_disable_title":""},"product_brand":[],"product_cat":[2877],"product_tag":[2197],"class_list":{"0":"post-94222","1":"product","2":"type-product","3":"status-publish","4":"has-post-thumbnail","6":"product_cat-papel-reprografico-p-plotter","7":"product_tag-reprografia","9":"first","10":"instock","11":"taxable","12":"shipping-taxable","13":"purchasable","14":"product-type-simple"},"_links":{"self":[{"href":"https:\/\/ifoffice.pt\/index.php?rest_route=\/wp\/v2\/product\/94222","targetHints":{"allow":["GET"]}}],"collection":[{"href":"https:\/\/ifoffice.pt\/index.php?rest_route=\/wp\/v2\/product"}],"about":[{"href":"https:\/\/ifoffice.pt\/index.php?rest_route=\/wp\/v2\/types\/product"}],"replies":[{"embeddable":true,"href":"https:\/\/ifoffice.pt\/index.php?rest_route=%2Fwp%2Fv2%2Fcomments&post=94222"}],"wp:featuredmedia":[{"embeddable":true,"href":"https:\/\/ifoffice.pt\/index.php?rest_route=\/wp\/v2\/media\/123866"}],"wp:attachment":[{"href":"https:\/\/ifoffice.pt\/index.php?rest_route=%2Fwp%2Fv2%2Fmedia&parent=94222"}],"wp:term":[{"taxonomy":"product_brand","embeddable":true,"href":"https:\/\/ifoffice.pt\/index.php?rest_route=%2Fwp%2Fv2%2Fproduct_brand&post=94222"},{"taxonomy":"product_cat","embeddable":true,"href":"https:\/\/ifoffice.pt\/index.php?rest_route=%2Fwp%2Fv2%2Fproduct_cat&post=94222"},{"taxonomy":"product_tag","embeddable":true,"href":"https:\/\/ifoffice.pt\/index.php?rest_route=%2Fwp%2Fv2%2Fproduct_tag&post=94222"}],"curies":[{"name":"wp","href":"https:\/\/api.w.org\/{rel}","templated":true}]}}