{"id":94220,"date":"2021-01-22T22:50:04","date_gmt":"2021-01-22T22:50:04","guid":{"rendered":"https:\/\/ifoffice.pt\/produto\/import-placeholder-for-38160\/"},"modified":"2026-02-23T13:27:56","modified_gmt":"2026-02-23T13:27:56","slug":"papel-reprografia-para-plotter-914mmx91mt-impressao-tinteiro","status":"publish","type":"product","link":"https:\/\/ifoffice.pt\/?product=papel-reprografia-para-plotter-914mmx91mt-impressao-tinteiro","title":{"rendered":"Papel reprografia para plotter 914mmx91mt impressao tinteiro"},"content":{"rendered":"<p>Papel universal para impress\u00e3o de linhas e \u00e1reas de cor. Boa defini\u00e7\u00e3o e secagem instant\u00e2nea. O PH neutro preserva a sua estabilidade.  Resolu\u00e7\u00e3o: 1440 dpi. A\u00a0bobine.<\/p>\n","protected":false},"excerpt":{"rendered":"<p>Papel reprografia para plotter 914mmx91mt impressao tinteiro<\/p>\n","protected":false},"featured_media":123864,"comment_status":"closed","ping_status":"closed","template":"","meta":{"neve_meta_sidebar":"","neve_meta_container":"","neve_meta_enable_content_width":"","neve_meta_content_width":0,"neve_meta_title_alignment":"","neve_meta_author_avatar":"","neve_post_elements_order":"","neve_meta_disable_header":"","neve_meta_disable_footer":"","neve_meta_disable_title":""},"product_brand":[],"product_cat":[2877],"product_tag":[2197],"class_list":{"0":"post-94220","1":"product","2":"type-product","3":"status-publish","4":"has-post-thumbnail","6":"product_cat-papel-reprografico-p-plotter","7":"product_tag-reprografia","9":"first","10":"instock","11":"taxable","12":"shipping-taxable","13":"purchasable","14":"product-type-simple"},"_links":{"self":[{"href":"https:\/\/ifoffice.pt\/index.php?rest_route=\/wp\/v2\/product\/94220","targetHints":{"allow":["GET"]}}],"collection":[{"href":"https:\/\/ifoffice.pt\/index.php?rest_route=\/wp\/v2\/product"}],"about":[{"href":"https:\/\/ifoffice.pt\/index.php?rest_route=\/wp\/v2\/types\/product"}],"replies":[{"embeddable":true,"href":"https:\/\/ifoffice.pt\/index.php?rest_route=%2Fwp%2Fv2%2Fcomments&post=94220"}],"wp:featuredmedia":[{"embeddable":true,"href":"https:\/\/ifoffice.pt\/index.php?rest_route=\/wp\/v2\/media\/123864"}],"wp:attachment":[{"href":"https:\/\/ifoffice.pt\/index.php?rest_route=%2Fwp%2Fv2%2Fmedia&parent=94220"}],"wp:term":[{"taxonomy":"product_brand","embeddable":true,"href":"https:\/\/ifoffice.pt\/index.php?rest_route=%2Fwp%2Fv2%2Fproduct_brand&post=94220"},{"taxonomy":"product_cat","embeddable":true,"href":"https:\/\/ifoffice.pt\/index.php?rest_route=%2Fwp%2Fv2%2Fproduct_cat&post=94220"},{"taxonomy":"product_tag","embeddable":true,"href":"https:\/\/ifoffice.pt\/index.php?rest_route=%2Fwp%2Fv2%2Fproduct_tag&post=94220"}],"curies":[{"name":"wp","href":"https:\/\/api.w.org\/{rel}","templated":true}]}}