{"id":94216,"date":"2021-01-22T22:50:04","date_gmt":"2021-01-22T22:50:04","guid":{"rendered":"https:\/\/ifoffice.pt\/produto\/import-placeholder-for-38182\/"},"modified":"2026-02-23T13:27:56","modified_gmt":"2026-02-23T13:27:56","slug":"quadro-branco-q-connect-com-tripe-70x103-cm-laminado","status":"publish","type":"product","link":"https:\/\/ifoffice.pt\/?product=quadro-branco-q-connect-com-tripe-70x103-cm-laminado","title":{"rendered":"Quadro branco q-connect com tripe 70&#215;103 cm laminado"},"content":{"rendered":"<p>Quadro trip\u00e9 com moldura e bandeja em pl\u00e1stico preto. Superf\u00edcie laminada (MDF) pintada a branco, apta para a escrita com marcadores para apagar a seco. Tamb\u00e9m apta para todo o tipo de blocos de papel gra\u00e7as \u00e0 sua mola superior. P\u00e9s telesc\u00f3picos com altura regul\u00e1vel at\u00e9 200 cm. Medidas do painel: 70 x 104 cm. O quadro.<\/p>\n","protected":false},"excerpt":{"rendered":"<p>Quadro branco q-connect com tripe 70&#215;103 cm laminado<\/p>\n","protected":false},"featured_media":123860,"comment_status":"closed","ping_status":"closed","template":"","meta":{"neve_meta_sidebar":"","neve_meta_container":"","neve_meta_enable_content_width":"off","neve_meta_content_width":70,"neve_meta_title_alignment":"","neve_meta_author_avatar":"","neve_post_elements_order":"","neve_meta_disable_header":"","neve_meta_disable_footer":"","neve_meta_disable_title":""},"product_brand":[],"product_cat":[1863],"product_tag":[1219],"class_list":{"0":"post-94216","1":"product","2":"type-product","3":"status-publish","4":"has-post-thumbnail","6":"product_cat-quadros-brancos","7":"product_tag-branca","9":"first","10":"instock","11":"taxable","12":"shipping-taxable","13":"purchasable","14":"product-type-simple"},"_links":{"self":[{"href":"https:\/\/ifoffice.pt\/index.php?rest_route=\/wp\/v2\/product\/94216","targetHints":{"allow":["GET"]}}],"collection":[{"href":"https:\/\/ifoffice.pt\/index.php?rest_route=\/wp\/v2\/product"}],"about":[{"href":"https:\/\/ifoffice.pt\/index.php?rest_route=\/wp\/v2\/types\/product"}],"replies":[{"embeddable":true,"href":"https:\/\/ifoffice.pt\/index.php?rest_route=%2Fwp%2Fv2%2Fcomments&post=94216"}],"wp:featuredmedia":[{"embeddable":true,"href":"https:\/\/ifoffice.pt\/index.php?rest_route=\/wp\/v2\/media\/123860"}],"wp:attachment":[{"href":"https:\/\/ifoffice.pt\/index.php?rest_route=%2Fwp%2Fv2%2Fmedia&parent=94216"}],"wp:term":[{"taxonomy":"product_brand","embeddable":true,"href":"https:\/\/ifoffice.pt\/index.php?rest_route=%2Fwp%2Fv2%2Fproduct_brand&post=94216"},{"taxonomy":"product_cat","embeddable":true,"href":"https:\/\/ifoffice.pt\/index.php?rest_route=%2Fwp%2Fv2%2Fproduct_cat&post=94216"},{"taxonomy":"product_tag","embeddable":true,"href":"https:\/\/ifoffice.pt\/index.php?rest_route=%2Fwp%2Fv2%2Fproduct_tag&post=94216"}],"curies":[{"name":"wp","href":"https:\/\/api.w.org\/{rel}","templated":true}]}}