{"id":94215,"date":"2021-01-22T22:50:03","date_gmt":"2021-01-22T22:50:03","guid":{"rendered":"https:\/\/ifoffice.pt\/produto\/import-placeholder-for-38183\/"},"modified":"2026-02-23T13:27:55","modified_gmt":"2026-02-23T13:27:55","slug":"quadro-branco-q-connect-com-tripe-70x103-cm-extensivel","status":"publish","type":"product","link":"https:\/\/ifoffice.pt\/?product=quadro-branco-q-connect-com-tripe-70x103-cm-extensivel","title":{"rendered":"Quadro branco q-connect com tripe 90x70x195 cm extensivel"},"content":{"rendered":"<p>Quadro trip\u00e9 com moldura e bandeja em alum\u00ednio anodizado natural. Com dois bra\u00e7os laterais extens\u00edveis e magn\u00e9ticos que triplicam a superf\u00edcie de leitura. Ambos aptos para escrita direta com marcadores de quadro. Tamb\u00e9m apto para bloco de papel gra\u00e7as \u00e0 sua mola superior. Com suporte inferior para marcadores e outros acess\u00f3rios. P\u00e9s telesc\u00f3picos com altura regul\u00e1vel at\u00e9 215 cm. Medidas do painel: 70 x 100 cm. O quadro.<\/p>\n","protected":false},"excerpt":{"rendered":"<p>Quadro branco q-connect com tripe 90x70x195 cm extensivel<\/p>\n","protected":false},"featured_media":123859,"comment_status":"closed","ping_status":"closed","template":"","meta":{"neve_meta_sidebar":"","neve_meta_container":"","neve_meta_enable_content_width":"","neve_meta_content_width":0,"neve_meta_title_alignment":"","neve_meta_author_avatar":"","neve_post_elements_order":"","neve_meta_disable_header":"","neve_meta_disable_footer":"","neve_meta_disable_title":""},"product_brand":[],"product_cat":[1863],"product_tag":[1219],"class_list":{"0":"post-94215","1":"product","2":"type-product","3":"status-publish","4":"has-post-thumbnail","6":"product_cat-quadros-brancos","7":"product_tag-branca","9":"first","10":"instock","11":"sale","12":"taxable","13":"shipping-taxable","14":"purchasable","15":"product-type-simple"},"_links":{"self":[{"href":"https:\/\/ifoffice.pt\/index.php?rest_route=\/wp\/v2\/product\/94215","targetHints":{"allow":["GET"]}}],"collection":[{"href":"https:\/\/ifoffice.pt\/index.php?rest_route=\/wp\/v2\/product"}],"about":[{"href":"https:\/\/ifoffice.pt\/index.php?rest_route=\/wp\/v2\/types\/product"}],"replies":[{"embeddable":true,"href":"https:\/\/ifoffice.pt\/index.php?rest_route=%2Fwp%2Fv2%2Fcomments&post=94215"}],"wp:featuredmedia":[{"embeddable":true,"href":"https:\/\/ifoffice.pt\/index.php?rest_route=\/wp\/v2\/media\/123859"}],"wp:attachment":[{"href":"https:\/\/ifoffice.pt\/index.php?rest_route=%2Fwp%2Fv2%2Fmedia&parent=94215"}],"wp:term":[{"taxonomy":"product_brand","embeddable":true,"href":"https:\/\/ifoffice.pt\/index.php?rest_route=%2Fwp%2Fv2%2Fproduct_brand&post=94215"},{"taxonomy":"product_cat","embeddable":true,"href":"https:\/\/ifoffice.pt\/index.php?rest_route=%2Fwp%2Fv2%2Fproduct_cat&post=94215"},{"taxonomy":"product_tag","embeddable":true,"href":"https:\/\/ifoffice.pt\/index.php?rest_route=%2Fwp%2Fv2%2Fproduct_tag&post=94215"}],"curies":[{"name":"wp","href":"https:\/\/api.w.org\/{rel}","templated":true}]}}