{"id":94213,"date":"2021-01-22T22:50:03","date_gmt":"2021-01-22T22:50:03","guid":{"rendered":"https:\/\/ifoffice.pt\/produto\/import-placeholder-for-38185\/"},"modified":"2026-02-23T13:27:54","modified_gmt":"2026-02-23T13:27:54","slug":"vitrina-de-anuncios-q-connect-de-feltro-120x90-cm","status":"publish","type":"product","link":"https:\/\/ifoffice.pt\/?product=vitrina-de-anuncios-q-connect-de-feltro-120x90-cm","title":{"rendered":"Vitrina de anuncios q-connect de feltro 120&#215;90 cm"},"content":{"rendered":"<p>Com fundo azul, moldura de alum\u00ednio e cantos redondos. Para uso em interiores. Caixilho com fechadura e chaves. Feltro resistente ao fogo. Portas de metacrilato que oferecem uma excelente visibilidade. Ideal para colocar publicidades, notas, avisos, posters, etc&#8230; Com pion\u00e9s ou velcro. Inclui kit de fixa\u00e7\u00e3o \u00e0 parede. Fundo: 4,5 cm. A vitrina.<\/p>\n","protected":false},"excerpt":{"rendered":"<p>Vitrina de anuncios q-connect de feltro 120&#215;90 cm<\/p>\n","protected":false},"featured_media":123857,"comment_status":"closed","ping_status":"closed","template":"","meta":{"neve_meta_sidebar":"","neve_meta_container":"","neve_meta_enable_content_width":"off","neve_meta_content_width":100,"neve_meta_title_alignment":"","neve_meta_author_avatar":"","neve_post_elements_order":"","neve_meta_disable_header":"","neve_meta_disable_footer":"","neve_meta_disable_title":""},"product_brand":[],"product_cat":[1885],"product_tag":[2115],"class_list":{"0":"post-94213","1":"product","2":"type-product","3":"status-publish","4":"has-post-thumbnail","6":"product_cat-vitrinas","7":"product_tag-feltro","9":"first","10":"instock","11":"taxable","12":"shipping-taxable","13":"purchasable","14":"product-type-simple"},"_links":{"self":[{"href":"https:\/\/ifoffice.pt\/index.php?rest_route=\/wp\/v2\/product\/94213","targetHints":{"allow":["GET"]}}],"collection":[{"href":"https:\/\/ifoffice.pt\/index.php?rest_route=\/wp\/v2\/product"}],"about":[{"href":"https:\/\/ifoffice.pt\/index.php?rest_route=\/wp\/v2\/types\/product"}],"replies":[{"embeddable":true,"href":"https:\/\/ifoffice.pt\/index.php?rest_route=%2Fwp%2Fv2%2Fcomments&post=94213"}],"wp:featuredmedia":[{"embeddable":true,"href":"https:\/\/ifoffice.pt\/index.php?rest_route=\/wp\/v2\/media\/123857"}],"wp:attachment":[{"href":"https:\/\/ifoffice.pt\/index.php?rest_route=%2Fwp%2Fv2%2Fmedia&parent=94213"}],"wp:term":[{"taxonomy":"product_brand","embeddable":true,"href":"https:\/\/ifoffice.pt\/index.php?rest_route=%2Fwp%2Fv2%2Fproduct_brand&post=94213"},{"taxonomy":"product_cat","embeddable":true,"href":"https:\/\/ifoffice.pt\/index.php?rest_route=%2Fwp%2Fv2%2Fproduct_cat&post=94213"},{"taxonomy":"product_tag","embeddable":true,"href":"https:\/\/ifoffice.pt\/index.php?rest_route=%2Fwp%2Fv2%2Fproduct_tag&post=94213"}],"curies":[{"name":"wp","href":"https:\/\/api.w.org\/{rel}","templated":true}]}}