{"id":94158,"date":"2021-01-22T22:49:38","date_gmt":"2021-01-22T22:49:38","guid":{"rendered":"https:\/\/ifoffice.pt\/produto\/import-placeholder-for-38354\/"},"modified":"2025-03-12T11:55:08","modified_gmt":"2025-03-12T11:55:08","slug":"mini-hub-usb-trust-hu-4440p-2-0-4-portas","status":"publish","type":"product","link":"https:\/\/ifoffice.pt\/?product=mini-hub-usb-trust-hu-4440p-2-0-4-portas","title":{"rendered":"Mini hub usb trust hu-4440p 2.0 4 portas"},"content":{"rendered":"<p>HUB USB 2.0 super compacto com 4 portas, ideal para utilizadores de computadores port\u00e1teis. Suporta perif\u00e9ricos USB 2.0 (at\u00e9 480 Mbps) e USB 1.1 (at\u00e9 12 Mbps).<\/p>\n","protected":false},"excerpt":{"rendered":"<p>Mini hub usb trust hu-4440p 2.0 4 portas<\/p>\n","protected":false},"featured_media":94188,"comment_status":"closed","ping_status":"closed","template":"","meta":{"neve_meta_sidebar":"","neve_meta_container":"","neve_meta_enable_content_width":"","neve_meta_content_width":0,"neve_meta_title_alignment":"","neve_meta_author_avatar":"","neve_post_elements_order":"","neve_meta_disable_header":"","neve_meta_disable_footer":"","neve_meta_disable_title":""},"product_brand":[],"product_cat":[1819],"product_tag":[1106],"class_list":{"0":"post-94158","1":"product","2":"type-product","3":"status-publish","4":"has-post-thumbnail","6":"product_cat-conectividade-cabos-wifi-hub","7":"product_tag-carregadores","9":"first","10":"outofstock","11":"taxable","12":"shipping-taxable","13":"purchasable","14":"product-type-simple"},"_links":{"self":[{"href":"https:\/\/ifoffice.pt\/index.php?rest_route=\/wp\/v2\/product\/94158","targetHints":{"allow":["GET"]}}],"collection":[{"href":"https:\/\/ifoffice.pt\/index.php?rest_route=\/wp\/v2\/product"}],"about":[{"href":"https:\/\/ifoffice.pt\/index.php?rest_route=\/wp\/v2\/types\/product"}],"replies":[{"embeddable":true,"href":"https:\/\/ifoffice.pt\/index.php?rest_route=%2Fwp%2Fv2%2Fcomments&post=94158"}],"wp:featuredmedia":[{"embeddable":true,"href":"https:\/\/ifoffice.pt\/index.php?rest_route=\/wp\/v2\/media\/94188"}],"wp:attachment":[{"href":"https:\/\/ifoffice.pt\/index.php?rest_route=%2Fwp%2Fv2%2Fmedia&parent=94158"}],"wp:term":[{"taxonomy":"product_brand","embeddable":true,"href":"https:\/\/ifoffice.pt\/index.php?rest_route=%2Fwp%2Fv2%2Fproduct_brand&post=94158"},{"taxonomy":"product_cat","embeddable":true,"href":"https:\/\/ifoffice.pt\/index.php?rest_route=%2Fwp%2Fv2%2Fproduct_cat&post=94158"},{"taxonomy":"product_tag","embeddable":true,"href":"https:\/\/ifoffice.pt\/index.php?rest_route=%2Fwp%2Fv2%2Fproduct_tag&post=94158"}],"curies":[{"name":"wp","href":"https:\/\/api.w.org\/{rel}","templated":true}]}}