{"id":93976,"date":"2021-01-22T22:48:02","date_gmt":"2021-01-22T22:48:02","guid":{"rendered":"https:\/\/ifoffice.pt\/produto\/import-placeholder-for-39200\/"},"modified":"2026-02-23T13:27:38","modified_gmt":"2026-02-23T13:27:38","slug":"cisalha-maped-de-alavanca-universal-din-a4","status":"publish","type":"product","link":"https:\/\/ifoffice.pt\/?product=cisalha-maped-de-alavanca-universal-din-a4","title":{"rendered":"Cisalha maped de alavanca universal din a4"},"content":{"rendered":"<p>Base de pl\u00e1stico\/metal. L\u00e2mina n\u00e3o afiada, com cabo ergon\u00f3mico e muito suave. Corta at\u00e9 Din A4. Capacidade de corte: 8 folhas. Comprimento de corte: 320 mm. Medidas: 600 x 200 mm.<\/p>\n","protected":false},"excerpt":{"rendered":"<p>Cisalha maped de alavanca universal din a4<\/p>\n","protected":false},"featured_media":123765,"comment_status":"closed","ping_status":"closed","template":"","meta":{"neve_meta_sidebar":"","neve_meta_container":"","neve_meta_enable_content_width":"off","neve_meta_content_width":0,"neve_meta_title_alignment":"","neve_meta_author_avatar":"","neve_post_elements_order":"","neve_meta_disable_header":"","neve_meta_disable_footer":"","neve_meta_disable_title":""},"product_brand":[],"product_cat":[1878],"product_tag":[1405],"class_list":{"0":"post-93976","1":"product","2":"type-product","3":"status-publish","4":"has-post-thumbnail","6":"product_cat-cisalhas-e-guilhotinas","7":"product_tag-alavanca","9":"first","10":"instock","11":"taxable","12":"shipping-taxable","13":"purchasable","14":"product-type-simple"},"_links":{"self":[{"href":"https:\/\/ifoffice.pt\/index.php?rest_route=\/wp\/v2\/product\/93976","targetHints":{"allow":["GET"]}}],"collection":[{"href":"https:\/\/ifoffice.pt\/index.php?rest_route=\/wp\/v2\/product"}],"about":[{"href":"https:\/\/ifoffice.pt\/index.php?rest_route=\/wp\/v2\/types\/product"}],"replies":[{"embeddable":true,"href":"https:\/\/ifoffice.pt\/index.php?rest_route=%2Fwp%2Fv2%2Fcomments&post=93976"}],"wp:featuredmedia":[{"embeddable":true,"href":"https:\/\/ifoffice.pt\/index.php?rest_route=\/wp\/v2\/media\/123765"}],"wp:attachment":[{"href":"https:\/\/ifoffice.pt\/index.php?rest_route=%2Fwp%2Fv2%2Fmedia&parent=93976"}],"wp:term":[{"taxonomy":"product_brand","embeddable":true,"href":"https:\/\/ifoffice.pt\/index.php?rest_route=%2Fwp%2Fv2%2Fproduct_brand&post=93976"},{"taxonomy":"product_cat","embeddable":true,"href":"https:\/\/ifoffice.pt\/index.php?rest_route=%2Fwp%2Fv2%2Fproduct_cat&post=93976"},{"taxonomy":"product_tag","embeddable":true,"href":"https:\/\/ifoffice.pt\/index.php?rest_route=%2Fwp%2Fv2%2Fproduct_tag&post=93976"}],"curies":[{"name":"wp","href":"https:\/\/api.w.org\/{rel}","templated":true}]}}