{"id":93975,"date":"2021-01-22T22:48:01","date_gmt":"2021-01-22T22:48:01","guid":{"rendered":"https:\/\/ifoffice.pt\/produto\/import-placeholder-for-39206\/"},"modified":"2026-02-23T13:27:38","modified_gmt":"2026-02-23T13:27:38","slug":"calculadora-casio-fx-82-ms-cientifica-240-funcoes-visor-duplo","status":"publish","type":"product","link":"https:\/\/ifoffice.pt\/?product=calculadora-casio-fx-82-ms-cientifica-240-funcoes-visor-duplo","title":{"rendered":"Calculadora casio fx-82msii cientifica 240 funcoes visor duplo"},"content":{"rendered":"<p>Calculadora cient\u00edfica. Visor LCD de duas linhas. 10+2 d\u00edgitos. 240 fun\u00e7\u00f5es. Com estrutura r\u00edgida. Funciona com 1 pilha AAA. Fun\u00e7\u00f5es estat\u00edsticas e trigonom\u00e9tricas. C\u00e1lculo de percentagens e totais. Fun\u00e7\u00f5es hiperb\u00f3licas e inversas. C\u00e1lculo de fra\u00e7\u00f5es, estat\u00edsticas bidimensionais com c\u00e1lculo m\u00e9dio, valor estimado e soma. Medidas: 77 x 161,5 x 13,8 mm. Peso: 115 g<\/p>\n","protected":false},"excerpt":{"rendered":"<p>Calculadora casio fx-82msii cientifica 240 funcoes visor duplo<\/p>\n","protected":false},"featured_media":123764,"comment_status":"closed","ping_status":"closed","template":"","meta":{"neve_meta_sidebar":"","neve_meta_container":"","neve_meta_enable_content_width":"off","neve_meta_content_width":0,"neve_meta_title_alignment":"","neve_meta_author_avatar":"","neve_post_elements_order":"","neve_meta_disable_header":"","neve_meta_disable_footer":"","neve_meta_disable_title":""},"product_brand":[],"product_cat":[1802],"product_tag":[922],"class_list":{"0":"post-93975","1":"product","2":"type-product","3":"status-publish","4":"has-post-thumbnail","6":"product_cat-calculadoras-cientificas","7":"product_tag-cientifica","9":"first","10":"instock","11":"taxable","12":"shipping-taxable","13":"purchasable","14":"product-type-simple"},"_links":{"self":[{"href":"https:\/\/ifoffice.pt\/index.php?rest_route=\/wp\/v2\/product\/93975","targetHints":{"allow":["GET"]}}],"collection":[{"href":"https:\/\/ifoffice.pt\/index.php?rest_route=\/wp\/v2\/product"}],"about":[{"href":"https:\/\/ifoffice.pt\/index.php?rest_route=\/wp\/v2\/types\/product"}],"replies":[{"embeddable":true,"href":"https:\/\/ifoffice.pt\/index.php?rest_route=%2Fwp%2Fv2%2Fcomments&post=93975"}],"wp:featuredmedia":[{"embeddable":true,"href":"https:\/\/ifoffice.pt\/index.php?rest_route=\/wp\/v2\/media\/123764"}],"wp:attachment":[{"href":"https:\/\/ifoffice.pt\/index.php?rest_route=%2Fwp%2Fv2%2Fmedia&parent=93975"}],"wp:term":[{"taxonomy":"product_brand","embeddable":true,"href":"https:\/\/ifoffice.pt\/index.php?rest_route=%2Fwp%2Fv2%2Fproduct_brand&post=93975"},{"taxonomy":"product_cat","embeddable":true,"href":"https:\/\/ifoffice.pt\/index.php?rest_route=%2Fwp%2Fv2%2Fproduct_cat&post=93975"},{"taxonomy":"product_tag","embeddable":true,"href":"https:\/\/ifoffice.pt\/index.php?rest_route=%2Fwp%2Fv2%2Fproduct_tag&post=93975"}],"curies":[{"name":"wp","href":"https:\/\/api.w.org\/{rel}","templated":true}]}}