{"id":93972,"date":"2021-01-22T22:48:01","date_gmt":"2021-01-22T22:48:01","guid":{"rendered":"https:\/\/ifoffice.pt\/produto\/import-placeholder-for-39218\/"},"modified":"2026-02-23T13:27:37","modified_gmt":"2026-02-23T13:27:37","slug":"numerador-automatico-framun-4-mm","status":"publish","type":"product","link":"https:\/\/ifoffice.pt\/?product=numerador-automatico-framun-4-mm","title":{"rendered":"Numerador manual trodat 6 bandas 4 mm"},"content":{"rendered":"<p>Numerador autom\u00e1tico, com 6 posi\u00e7\u00f5es. O numerador.<\/p>\n","protected":false},"excerpt":{"rendered":"<p>Numerador manual trodat 6 bandas 4 mm<\/p>\n","protected":false},"featured_media":123762,"comment_status":"closed","ping_status":"closed","template":"","meta":{"neve_meta_sidebar":"","neve_meta_container":"","neve_meta_enable_content_width":"","neve_meta_content_width":0,"neve_meta_title_alignment":"","neve_meta_author_avatar":"","neve_post_elements_order":"","neve_meta_disable_header":"","neve_meta_disable_footer":"","neve_meta_disable_title":""},"product_brand":[],"product_cat":[2437],"product_tag":[2860],"class_list":{"0":"post-93972","1":"product","2":"type-product","3":"status-publish","4":"has-post-thumbnail","6":"product_cat-numeradores","7":"product_tag-numeradores","9":"first","10":"instock","11":"taxable","12":"shipping-taxable","13":"purchasable","14":"product-type-simple"},"_links":{"self":[{"href":"https:\/\/ifoffice.pt\/index.php?rest_route=\/wp\/v2\/product\/93972","targetHints":{"allow":["GET"]}}],"collection":[{"href":"https:\/\/ifoffice.pt\/index.php?rest_route=\/wp\/v2\/product"}],"about":[{"href":"https:\/\/ifoffice.pt\/index.php?rest_route=\/wp\/v2\/types\/product"}],"replies":[{"embeddable":true,"href":"https:\/\/ifoffice.pt\/index.php?rest_route=%2Fwp%2Fv2%2Fcomments&post=93972"}],"wp:featuredmedia":[{"embeddable":true,"href":"https:\/\/ifoffice.pt\/index.php?rest_route=\/wp\/v2\/media\/123762"}],"wp:attachment":[{"href":"https:\/\/ifoffice.pt\/index.php?rest_route=%2Fwp%2Fv2%2Fmedia&parent=93972"}],"wp:term":[{"taxonomy":"product_brand","embeddable":true,"href":"https:\/\/ifoffice.pt\/index.php?rest_route=%2Fwp%2Fv2%2Fproduct_brand&post=93972"},{"taxonomy":"product_cat","embeddable":true,"href":"https:\/\/ifoffice.pt\/index.php?rest_route=%2Fwp%2Fv2%2Fproduct_cat&post=93972"},{"taxonomy":"product_tag","embeddable":true,"href":"https:\/\/ifoffice.pt\/index.php?rest_route=%2Fwp%2Fv2%2Fproduct_tag&post=93972"}],"curies":[{"name":"wp","href":"https:\/\/api.w.org\/{rel}","templated":true}]}}