{"id":93970,"date":"2021-01-22T22:48:01","date_gmt":"2021-01-22T22:48:01","guid":{"rendered":"https:\/\/ifoffice.pt\/produto\/import-placeholder-for-39221\/"},"modified":"2026-02-23T13:27:37","modified_gmt":"2026-02-23T13:27:37","slug":"automatico-framun-4mm-3mm-4912-typo","status":"publish","type":"product","link":"https:\/\/ifoffice.pt\/?product=automatico-framun-4mm-3mm-4912-typo","title":{"rendered":"Carimbo automatico trodat 4mm \/ 3mm 49 12 typo"},"content":{"rendered":"<p>Para compor o seu pr\u00f3prio texto. Recarga autom\u00e1tica. Medida da placa: 47 x 18 mm. Placa retangular. Cont\u00e9m 1 conjunto de placas de 3 mm e outra de 4 mm. Com almofada azul. Apresenta\u00e7\u00e3o em blister. Letra mai\u00fascula. O carimbo.<\/p>\n","protected":false},"excerpt":{"rendered":"<p>Carimbo automatico trodat 4mm \/ 3mm 49 12 typo<\/p>\n","protected":false},"featured_media":123760,"comment_status":"closed","ping_status":"closed","template":"","meta":{"neve_meta_sidebar":"","neve_meta_container":"","neve_meta_enable_content_width":"","neve_meta_content_width":0,"neve_meta_title_alignment":"","neve_meta_author_avatar":"","neve_post_elements_order":"","neve_meta_disable_header":"","neve_meta_disable_footer":"","neve_meta_disable_title":""},"product_brand":[],"product_cat":[2198],"product_tag":[2849],"class_list":{"0":"post-93970","1":"product","2":"type-product","3":"status-publish","4":"has-post-thumbnail","6":"product_cat-conjuntos-de-impressao","7":"product_tag-conjuntos-de-impressao-2","9":"first","10":"instock","11":"taxable","12":"shipping-taxable","13":"purchasable","14":"product-type-simple"},"_links":{"self":[{"href":"https:\/\/ifoffice.pt\/index.php?rest_route=\/wp\/v2\/product\/93970","targetHints":{"allow":["GET"]}}],"collection":[{"href":"https:\/\/ifoffice.pt\/index.php?rest_route=\/wp\/v2\/product"}],"about":[{"href":"https:\/\/ifoffice.pt\/index.php?rest_route=\/wp\/v2\/types\/product"}],"replies":[{"embeddable":true,"href":"https:\/\/ifoffice.pt\/index.php?rest_route=%2Fwp%2Fv2%2Fcomments&post=93970"}],"wp:featuredmedia":[{"embeddable":true,"href":"https:\/\/ifoffice.pt\/index.php?rest_route=\/wp\/v2\/media\/123760"}],"wp:attachment":[{"href":"https:\/\/ifoffice.pt\/index.php?rest_route=%2Fwp%2Fv2%2Fmedia&parent=93970"}],"wp:term":[{"taxonomy":"product_brand","embeddable":true,"href":"https:\/\/ifoffice.pt\/index.php?rest_route=%2Fwp%2Fv2%2Fproduct_brand&post=93970"},{"taxonomy":"product_cat","embeddable":true,"href":"https:\/\/ifoffice.pt\/index.php?rest_route=%2Fwp%2Fv2%2Fproduct_cat&post=93970"},{"taxonomy":"product_tag","embeddable":true,"href":"https:\/\/ifoffice.pt\/index.php?rest_route=%2Fwp%2Fv2%2Fproduct_tag&post=93970"}],"curies":[{"name":"wp","href":"https:\/\/api.w.org\/{rel}","templated":true}]}}