{"id":93919,"date":"2021-01-22T22:47:36","date_gmt":"2021-01-22T22:47:36","guid":{"rendered":"https:\/\/ifoffice.pt\/produto\/import-placeholder-for-39833\/"},"modified":"2026-02-23T13:27:34","modified_gmt":"2026-02-23T13:27:34","slug":"papel-hp-photo-glossy-200-gr-din-a4-100-folhas","status":"publish","type":"product","link":"https:\/\/ifoffice.pt\/?product=papel-hp-photo-glossy-200-gr-din-a4-100-folhas","title":{"rendered":"Papel hp photo glossy 200gr din a4 100 folhas"},"content":{"rendered":"<p>C\u00f3pias uniformes e semi-acetinadas com qualquer impressora de jato de tinta. Seca rapidamente para f\u00e1cil manuseamento. Perfeito para criar c\u00f3pias de fotos: oferece resultados muito melhores que o papel normal.  Embalagem de 100 folhas.<\/p>\n","protected":false},"excerpt":{"rendered":"<p>Papel hp photo glossy 200gr din a4 100 folhas<\/p>\n","protected":false},"featured_media":123742,"comment_status":"closed","ping_status":"closed","template":"","meta":{"neve_meta_sidebar":"","neve_meta_container":"","neve_meta_enable_content_width":"","neve_meta_content_width":0,"neve_meta_title_alignment":"","neve_meta_author_avatar":"","neve_post_elements_order":"","neve_meta_disable_header":"","neve_meta_disable_footer":"","neve_meta_disable_title":""},"product_brand":[],"product_cat":[1873],"product_tag":[835],"class_list":{"0":"post-93919","1":"product","2":"type-product","3":"status-publish","4":"has-post-thumbnail","6":"product_cat-papel-especial-para-impressora","7":"product_tag-impressora","9":"first","10":"outofstock","11":"taxable","12":"shipping-taxable","13":"purchasable","14":"product-type-simple"},"_links":{"self":[{"href":"https:\/\/ifoffice.pt\/index.php?rest_route=\/wp\/v2\/product\/93919","targetHints":{"allow":["GET"]}}],"collection":[{"href":"https:\/\/ifoffice.pt\/index.php?rest_route=\/wp\/v2\/product"}],"about":[{"href":"https:\/\/ifoffice.pt\/index.php?rest_route=\/wp\/v2\/types\/product"}],"replies":[{"embeddable":true,"href":"https:\/\/ifoffice.pt\/index.php?rest_route=%2Fwp%2Fv2%2Fcomments&post=93919"}],"wp:featuredmedia":[{"embeddable":true,"href":"https:\/\/ifoffice.pt\/index.php?rest_route=\/wp\/v2\/media\/123742"}],"wp:attachment":[{"href":"https:\/\/ifoffice.pt\/index.php?rest_route=%2Fwp%2Fv2%2Fmedia&parent=93919"}],"wp:term":[{"taxonomy":"product_brand","embeddable":true,"href":"https:\/\/ifoffice.pt\/index.php?rest_route=%2Fwp%2Fv2%2Fproduct_brand&post=93919"},{"taxonomy":"product_cat","embeddable":true,"href":"https:\/\/ifoffice.pt\/index.php?rest_route=%2Fwp%2Fv2%2Fproduct_cat&post=93919"},{"taxonomy":"product_tag","embeddable":true,"href":"https:\/\/ifoffice.pt\/index.php?rest_route=%2Fwp%2Fv2%2Fproduct_tag&post=93919"}],"curies":[{"name":"wp","href":"https:\/\/api.w.org\/{rel}","templated":true}]}}