{"id":93869,"date":"2021-01-22T22:47:12","date_gmt":"2021-01-22T22:47:12","guid":{"rendered":"https:\/\/ifoffice.pt\/produto\/import-placeholder-for-39943\/"},"modified":"2026-02-23T14:51:47","modified_gmt":"2026-02-23T14:51:47","slug":"porta-cartoes-de-visita-q-connect-metracrilato","status":"publish","type":"product","link":"https:\/\/ifoffice.pt\/?product=porta-cartoes-de-visita-q-connect-metracrilato","title":{"rendered":"Porta cartoes de visita q-connect metracrilato"},"content":{"rendered":"<p>Muito \u00fatil para manter os cart\u00f5es de visita ordenados, com uma capacidade de 50-60 cart\u00f5es, dependendo da espessura dos mesmos. Tamb\u00e9m serve como expositor de cart\u00f5es. Fabricado em metacrilato. Medidas: 110 x 70 x 31 mm. O porta cart\u00f5es.<\/p>\n","protected":false},"excerpt":{"rendered":"<p>PACK DE 12 UNIDADES<\/p>\n","protected":false},"featured_media":123720,"comment_status":"closed","ping_status":"closed","template":"","meta":{"neve_meta_sidebar":"","neve_meta_container":"","neve_meta_enable_content_width":"off","neve_meta_content_width":0,"neve_meta_title_alignment":"","neve_meta_author_avatar":"","neve_post_elements_order":"","neve_meta_disable_header":"","neve_meta_disable_footer":"","neve_meta_disable_title":""},"product_brand":[],"product_cat":[1897],"product_tag":[2856],"class_list":{"0":"post-93869","1":"product","2":"type-product","3":"status-publish","4":"has-post-thumbnail","6":"product_cat-artigos-de-secretaria","7":"product_tag-artigos-de-secretaria","9":"first","10":"instock","11":"sale","12":"taxable","13":"shipping-taxable","14":"purchasable","15":"product-type-simple"},"_links":{"self":[{"href":"https:\/\/ifoffice.pt\/index.php?rest_route=\/wp\/v2\/product\/93869","targetHints":{"allow":["GET"]}}],"collection":[{"href":"https:\/\/ifoffice.pt\/index.php?rest_route=\/wp\/v2\/product"}],"about":[{"href":"https:\/\/ifoffice.pt\/index.php?rest_route=\/wp\/v2\/types\/product"}],"replies":[{"embeddable":true,"href":"https:\/\/ifoffice.pt\/index.php?rest_route=%2Fwp%2Fv2%2Fcomments&post=93869"}],"wp:featuredmedia":[{"embeddable":true,"href":"https:\/\/ifoffice.pt\/index.php?rest_route=\/wp\/v2\/media\/123720"}],"wp:attachment":[{"href":"https:\/\/ifoffice.pt\/index.php?rest_route=%2Fwp%2Fv2%2Fmedia&parent=93869"}],"wp:term":[{"taxonomy":"product_brand","embeddable":true,"href":"https:\/\/ifoffice.pt\/index.php?rest_route=%2Fwp%2Fv2%2Fproduct_brand&post=93869"},{"taxonomy":"product_cat","embeddable":true,"href":"https:\/\/ifoffice.pt\/index.php?rest_route=%2Fwp%2Fv2%2Fproduct_cat&post=93869"},{"taxonomy":"product_tag","embeddable":true,"href":"https:\/\/ifoffice.pt\/index.php?rest_route=%2Fwp%2Fv2%2Fproduct_tag&post=93869"}],"curies":[{"name":"wp","href":"https:\/\/api.w.org\/{rel}","templated":true}]}}