{"id":93813,"date":"2021-01-22T22:46:47","date_gmt":"2021-01-22T22:46:47","guid":{"rendered":"https:\/\/ifoffice.pt\/produto\/import-placeholder-for-42820\/"},"modified":"2026-02-23T13:27:25","modified_gmt":"2026-02-23T13:27:25","slug":"conjunto-de-secretaria-em-polipele-6-pecas-preto","status":"publish","type":"product","link":"https:\/\/ifoffice.pt\/produto\/conjunto-de-secretaria-em-polipele-6-pecas-preto\/","title":{"rendered":"Conjunto de secretaria em polipele 6 pecas preto"},"content":{"rendered":"<p>Conjunto de acess\u00f3rios de secret\u00e1ria. Fabricado em imita\u00e7\u00e3o de pele. Cont\u00e9m 6 acess\u00f3rios: base dupla, abre cartas, suporte para bloco de notas, porta l\u00e1pis, suporte para esferogr\u00e1ficas e tabuleiro porta documentos.  Cor preta. Medidas da base: 400 x 500 x 10 mm. O conjunto.<\/p>\n","protected":false},"excerpt":{"rendered":"<p>Conjunto de secretaria em polipele 6 pecas preto<\/p>\n","protected":false},"featured_media":123698,"comment_status":"closed","ping_status":"closed","template":"","meta":{"neve_meta_sidebar":"","neve_meta_container":"","neve_meta_enable_content_width":"off","neve_meta_content_width":0,"neve_meta_title_alignment":"","neve_meta_author_avatar":"","neve_post_elements_order":"","neve_meta_disable_header":"","neve_meta_disable_footer":"","neve_meta_disable_title":""},"product_brand":[],"product_cat":[1912],"product_tag":[2393],"class_list":{"0":"post-93813","1":"product","2":"type-product","3":"status-publish","4":"has-post-thumbnail","6":"product_cat-conjuntos-de-secretaria","7":"product_tag-imitacao-pele","9":"first","10":"instock","11":"sale","12":"taxable","13":"shipping-taxable","14":"purchasable","15":"product-type-simple"},"_links":{"self":[{"href":"https:\/\/ifoffice.pt\/wp-json\/wp\/v2\/product\/93813","targetHints":{"allow":["GET"]}}],"collection":[{"href":"https:\/\/ifoffice.pt\/wp-json\/wp\/v2\/product"}],"about":[{"href":"https:\/\/ifoffice.pt\/wp-json\/wp\/v2\/types\/product"}],"replies":[{"embeddable":true,"href":"https:\/\/ifoffice.pt\/wp-json\/wp\/v2\/comments?post=93813"}],"wp:featuredmedia":[{"embeddable":true,"href":"https:\/\/ifoffice.pt\/wp-json\/wp\/v2\/media\/123698"}],"wp:attachment":[{"href":"https:\/\/ifoffice.pt\/wp-json\/wp\/v2\/media?parent=93813"}],"wp:term":[{"taxonomy":"product_brand","embeddable":true,"href":"https:\/\/ifoffice.pt\/wp-json\/wp\/v2\/product_brand?post=93813"},{"taxonomy":"product_cat","embeddable":true,"href":"https:\/\/ifoffice.pt\/wp-json\/wp\/v2\/product_cat?post=93813"},{"taxonomy":"product_tag","embeddable":true,"href":"https:\/\/ifoffice.pt\/wp-json\/wp\/v2\/product_tag?post=93813"}],"curies":[{"name":"wp","href":"https:\/\/api.w.org\/{rel}","templated":true}]}}