{"id":93746,"date":"2021-01-22T22:46:21","date_gmt":"2021-01-22T22:46:21","guid":{"rendered":"https:\/\/ifoffice.pt\/produto\/import-placeholder-for-42986\/"},"modified":"2026-02-23T13:27:21","modified_gmt":"2026-02-23T13:27:21","slug":"argolas-autoadesiva-liderpapel-brancas-bolsa-com-5-folhas","status":"publish","type":"product","link":"https:\/\/ifoffice.pt\/?product=argolas-autoadesiva-liderpapel-brancas-bolsa-com-5-folhas","title":{"rendered":"Argolas autoadesiva liderpapel brancas bolsa com 5 folhas"},"content":{"rendered":"<p>Muito \u00fateis para a conserva\u00e7\u00e3o de folhas perfuradas. Cor branca. Envelope de 5 folhas. Envelope com 100 argolas.<\/p>\n","protected":false},"excerpt":{"rendered":"<p>Argolas autoadesiva liderpapel brancas bolsa com 5 folhas<\/p>\n","protected":false},"featured_media":132032,"comment_status":"closed","ping_status":"closed","template":"","meta":{"neve_meta_sidebar":"","neve_meta_container":"","neve_meta_enable_content_width":"","neve_meta_content_width":0,"neve_meta_title_alignment":"","neve_meta_author_avatar":"","neve_post_elements_order":"","neve_meta_disable_header":"","neve_meta_disable_footer":"","neve_meta_disable_title":""},"product_brand":[],"product_cat":[2035],"product_tag":[1260],"class_list":{"0":"post-93746","1":"product","2":"type-product","3":"status-publish","4":"has-post-thumbnail","6":"product_cat-etiquetas-adesivas","7":"product_tag-1260","9":"first","10":"instock","11":"taxable","12":"shipping-taxable","13":"purchasable","14":"product-type-simple"},"_links":{"self":[{"href":"https:\/\/ifoffice.pt\/index.php?rest_route=\/wp\/v2\/product\/93746","targetHints":{"allow":["GET"]}}],"collection":[{"href":"https:\/\/ifoffice.pt\/index.php?rest_route=\/wp\/v2\/product"}],"about":[{"href":"https:\/\/ifoffice.pt\/index.php?rest_route=\/wp\/v2\/types\/product"}],"replies":[{"embeddable":true,"href":"https:\/\/ifoffice.pt\/index.php?rest_route=%2Fwp%2Fv2%2Fcomments&post=93746"}],"wp:featuredmedia":[{"embeddable":true,"href":"https:\/\/ifoffice.pt\/index.php?rest_route=\/wp\/v2\/media\/132032"}],"wp:attachment":[{"href":"https:\/\/ifoffice.pt\/index.php?rest_route=%2Fwp%2Fv2%2Fmedia&parent=93746"}],"wp:term":[{"taxonomy":"product_brand","embeddable":true,"href":"https:\/\/ifoffice.pt\/index.php?rest_route=%2Fwp%2Fv2%2Fproduct_brand&post=93746"},{"taxonomy":"product_cat","embeddable":true,"href":"https:\/\/ifoffice.pt\/index.php?rest_route=%2Fwp%2Fv2%2Fproduct_cat&post=93746"},{"taxonomy":"product_tag","embeddable":true,"href":"https:\/\/ifoffice.pt\/index.php?rest_route=%2Fwp%2Fv2%2Fproduct_tag&post=93746"}],"curies":[{"name":"wp","href":"https:\/\/api.w.org\/{rel}","templated":true}]}}