{"id":93692,"date":"2021-01-22T22:45:57","date_gmt":"2021-01-22T22:45:57","guid":{"rendered":"https:\/\/ifoffice.pt\/produto\/import-placeholder-for-43035\/"},"modified":"2026-02-23T13:27:16","modified_gmt":"2026-02-23T13:27:16","slug":"cavalete-de-pintura-em-aluminio-com-bolsa-de-transporte","status":"publish","type":"product","link":"https:\/\/ifoffice.pt\/?product=cavalete-de-pintura-em-aluminio-com-bolsa-de-transporte","title":{"rendered":"Cavalete de pintor lidercolor alum\u00ednio suporte para tela de 94 cm com bolsa de transporte 98x91x180 cm"},"content":{"rendered":"<p>Fabricado em alum\u00ednio anodizado a cor prata.  Suporte para telas com o m\u00e1ximo de 940  mm. Medidas: 98 x 91 x 180 cm. Com bolsa de transporte inclu\u00edda.<\/p>\n","protected":false},"excerpt":{"rendered":"<p>Cavalete de pintor lidercolor alum\u00ednio suporte para tela de 94 cm com bolsa de transporte 98x91x180 cm<\/p>\n","protected":false},"featured_media":123650,"comment_status":"closed","ping_status":"closed","template":"","meta":{"neve_meta_sidebar":"","neve_meta_container":"","neve_meta_enable_content_width":"off","neve_meta_content_width":0,"neve_meta_title_alignment":"","neve_meta_author_avatar":"","neve_post_elements_order":"","neve_meta_disable_header":"","neve_meta_disable_footer":"","neve_meta_disable_title":""},"product_brand":[],"product_cat":[2299],"product_tag":[1506],"class_list":{"0":"post-93692","1":"product","2":"type-product","3":"status-publish","4":"has-post-thumbnail","6":"product_cat-cavaletes","7":"product_tag-cavalete","9":"first","10":"instock","11":"taxable","12":"shipping-taxable","13":"purchasable","14":"product-type-simple"},"_links":{"self":[{"href":"https:\/\/ifoffice.pt\/index.php?rest_route=\/wp\/v2\/product\/93692","targetHints":{"allow":["GET"]}}],"collection":[{"href":"https:\/\/ifoffice.pt\/index.php?rest_route=\/wp\/v2\/product"}],"about":[{"href":"https:\/\/ifoffice.pt\/index.php?rest_route=\/wp\/v2\/types\/product"}],"replies":[{"embeddable":true,"href":"https:\/\/ifoffice.pt\/index.php?rest_route=%2Fwp%2Fv2%2Fcomments&post=93692"}],"wp:featuredmedia":[{"embeddable":true,"href":"https:\/\/ifoffice.pt\/index.php?rest_route=\/wp\/v2\/media\/123650"}],"wp:attachment":[{"href":"https:\/\/ifoffice.pt\/index.php?rest_route=%2Fwp%2Fv2%2Fmedia&parent=93692"}],"wp:term":[{"taxonomy":"product_brand","embeddable":true,"href":"https:\/\/ifoffice.pt\/index.php?rest_route=%2Fwp%2Fv2%2Fproduct_brand&post=93692"},{"taxonomy":"product_cat","embeddable":true,"href":"https:\/\/ifoffice.pt\/index.php?rest_route=%2Fwp%2Fv2%2Fproduct_cat&post=93692"},{"taxonomy":"product_tag","embeddable":true,"href":"https:\/\/ifoffice.pt\/index.php?rest_route=%2Fwp%2Fv2%2Fproduct_tag&post=93692"}],"curies":[{"name":"wp","href":"https:\/\/api.w.org\/{rel}","templated":true}]}}