{"id":93691,"date":"2021-01-22T22:45:57","date_gmt":"2021-01-22T22:45:57","guid":{"rendered":"https:\/\/ifoffice.pt\/produto\/import-placeholder-for-43039\/"},"modified":"2026-02-23T13:27:14","modified_gmt":"2026-02-23T13:27:14","slug":"conjunto-de-pintura-a-oleo","status":"publish","type":"product","link":"https:\/\/ifoffice.pt\/?product=conjunto-de-pintura-a-oleo","title":{"rendered":"Conjunto pintura a \u00f3leo lidercolor cont\u00e9m 1 tela preparada 30&#215;40 cm 1 paleta de madeira 3 pinc\u00e9is tubos 12&#215;12 ml \u00f3leo"},"content":{"rendered":"<p>Cont\u00e9m tela de 30 x 40 cm. Uma paleta de madeira. Tr\u00eas pinc\u00e9is. 12 tubos de cor a \u00f3leo de 12 ml.<\/p>\n","protected":false},"excerpt":{"rendered":"<p>Conjunto pintura a \u00f3leo lidercolor cont\u00e9m 1 tela preparada 30&#215;40 cm 1 paleta de madeira 3 pinc\u00e9is tubos 12&#215;12 ml \u00f3leo<\/p>\n","protected":false},"featured_media":123649,"comment_status":"closed","ping_status":"closed","template":"","meta":{"neve_meta_sidebar":"","neve_meta_container":"","neve_meta_enable_content_width":"off","neve_meta_content_width":100,"neve_meta_title_alignment":"","neve_meta_author_avatar":"","neve_post_elements_order":"","neve_meta_disable_header":"","neve_meta_disable_footer":"","neve_meta_disable_title":""},"product_brand":[],"product_cat":[1755],"product_tag":[2298],"class_list":{"0":"post-93691","1":"product","2":"type-product","3":"status-publish","4":"has-post-thumbnail","6":"product_cat-outros","7":"product_tag-pinturas","9":"first","10":"instock","11":"taxable","12":"shipping-taxable","13":"purchasable","14":"product-type-simple"},"_links":{"self":[{"href":"https:\/\/ifoffice.pt\/index.php?rest_route=\/wp\/v2\/product\/93691","targetHints":{"allow":["GET"]}}],"collection":[{"href":"https:\/\/ifoffice.pt\/index.php?rest_route=\/wp\/v2\/product"}],"about":[{"href":"https:\/\/ifoffice.pt\/index.php?rest_route=\/wp\/v2\/types\/product"}],"replies":[{"embeddable":true,"href":"https:\/\/ifoffice.pt\/index.php?rest_route=%2Fwp%2Fv2%2Fcomments&post=93691"}],"wp:featuredmedia":[{"embeddable":true,"href":"https:\/\/ifoffice.pt\/index.php?rest_route=\/wp\/v2\/media\/123649"}],"wp:attachment":[{"href":"https:\/\/ifoffice.pt\/index.php?rest_route=%2Fwp%2Fv2%2Fmedia&parent=93691"}],"wp:term":[{"taxonomy":"product_brand","embeddable":true,"href":"https:\/\/ifoffice.pt\/index.php?rest_route=%2Fwp%2Fv2%2Fproduct_brand&post=93691"},{"taxonomy":"product_cat","embeddable":true,"href":"https:\/\/ifoffice.pt\/index.php?rest_route=%2Fwp%2Fv2%2Fproduct_cat&post=93691"},{"taxonomy":"product_tag","embeddable":true,"href":"https:\/\/ifoffice.pt\/index.php?rest_route=%2Fwp%2Fv2%2Fproduct_tag&post=93691"}],"curies":[{"name":"wp","href":"https:\/\/api.w.org\/{rel}","templated":true}]}}