{"id":93690,"date":"2021-01-22T22:45:57","date_gmt":"2021-01-22T22:45:57","guid":{"rendered":"https:\/\/ifoffice.pt\/produto\/import-placeholder-for-43040\/"},"modified":"2026-02-23T13:27:14","modified_gmt":"2026-02-23T13:27:14","slug":"conjunto-de-pintura-aquarela","status":"publish","type":"product","link":"https:\/\/ifoffice.pt\/?product=conjunto-de-pintura-aquarela","title":{"rendered":"Conjunto aguarela lidercolor cont\u00e9m 10 folhas aguarela 27&#215;38 cm 1 paleta pl\u00e1stica 12&#215;12 ml 1 afiador 1 definidor 1 borra"},"content":{"rendered":"<p>Cont\u00e9m 10 l\u00e2minas de aguarela de 27 x 38 cm, uma com impress\u00e3o e o resto  em branco. Dois pinc\u00e9is. Uma paleta de pl\u00e1stico. Um perfilador. Uma borracha e  um apara-l\u00e1pis. 12 tubos de aguarela de 12 ml.<\/p>\n","protected":false},"excerpt":{"rendered":"<p>Conjunto aguarela lidercolor cont\u00e9m 10 folhas aguarela 27&#215;38 cm 1 paleta pl\u00e1stica 12&#215;12 ml 1 afiador 1 definidor 1 borra<\/p>\n","protected":false},"featured_media":123648,"comment_status":"closed","ping_status":"closed","template":"","meta":{"neve_meta_sidebar":"","neve_meta_container":"","neve_meta_enable_content_width":"off","neve_meta_content_width":0,"neve_meta_title_alignment":"","neve_meta_author_avatar":"","neve_post_elements_order":"","neve_meta_disable_header":"","neve_meta_disable_footer":"","neve_meta_disable_title":""},"product_brand":[],"product_cat":[1755],"product_tag":[2298],"class_list":{"0":"post-93690","1":"product","2":"type-product","3":"status-publish","4":"has-post-thumbnail","6":"product_cat-outros","7":"product_tag-pinturas","9":"first","10":"instock","11":"taxable","12":"shipping-taxable","13":"purchasable","14":"product-type-simple"},"_links":{"self":[{"href":"https:\/\/ifoffice.pt\/index.php?rest_route=\/wp\/v2\/product\/93690","targetHints":{"allow":["GET"]}}],"collection":[{"href":"https:\/\/ifoffice.pt\/index.php?rest_route=\/wp\/v2\/product"}],"about":[{"href":"https:\/\/ifoffice.pt\/index.php?rest_route=\/wp\/v2\/types\/product"}],"replies":[{"embeddable":true,"href":"https:\/\/ifoffice.pt\/index.php?rest_route=%2Fwp%2Fv2%2Fcomments&post=93690"}],"wp:featuredmedia":[{"embeddable":true,"href":"https:\/\/ifoffice.pt\/index.php?rest_route=\/wp\/v2\/media\/123648"}],"wp:attachment":[{"href":"https:\/\/ifoffice.pt\/index.php?rest_route=%2Fwp%2Fv2%2Fmedia&parent=93690"}],"wp:term":[{"taxonomy":"product_brand","embeddable":true,"href":"https:\/\/ifoffice.pt\/index.php?rest_route=%2Fwp%2Fv2%2Fproduct_brand&post=93690"},{"taxonomy":"product_cat","embeddable":true,"href":"https:\/\/ifoffice.pt\/index.php?rest_route=%2Fwp%2Fv2%2Fproduct_cat&post=93690"},{"taxonomy":"product_tag","embeddable":true,"href":"https:\/\/ifoffice.pt\/index.php?rest_route=%2Fwp%2Fv2%2Fproduct_tag&post=93690"}],"curies":[{"name":"wp","href":"https:\/\/api.w.org\/{rel}","templated":true}]}}