{"id":93585,"date":"2021-01-22T22:45:09","date_gmt":"2021-01-22T22:45:09","guid":{"rendered":"https:\/\/ifoffice.pt\/produto\/import-placeholder-for-43311\/"},"modified":"2026-02-23T13:27:06","modified_gmt":"2026-02-23T13:27:06","slug":"bandas-separadoras-q-connect-amarelas-dispensador-de-50","status":"publish","type":"product","link":"https:\/\/ifoffice.pt\/?product=bandas-separadoras-q-connect-amarelas-dispensador-de-50","title":{"rendered":"Bandas separadoras q-connect index amarelas dispensador de 50 unidades"},"content":{"rendered":"<p>Dispensador de cores com 50 bandas de cores em material pl\u00e1stico. Ideal para marcar e localizar informa\u00e7\u00e3o. Medidas: 25,4 x 43,1mm.<\/p>\n","protected":false},"excerpt":{"rendered":"<p>Bandas separadoras q-connect index amarelas dispensador de 50 unidades<\/p>\n","protected":false},"featured_media":123604,"comment_status":"closed","ping_status":"closed","template":"","meta":{"neve_meta_sidebar":"","neve_meta_container":"","neve_meta_enable_content_width":"","neve_meta_content_width":0,"neve_meta_title_alignment":"","neve_meta_author_avatar":"","neve_post_elements_order":"","neve_meta_disable_header":"","neve_meta_disable_footer":"","neve_meta_disable_title":""},"product_brand":[],"product_cat":[1960],"product_tag":[2082],"class_list":{"0":"post-93585","1":"product","2":"type-product","3":"status-publish","4":"has-post-thumbnail","6":"product_cat-bloco-notas-bandas-separadora","7":"product_tag-bandas-separadoras","9":"first","10":"instock","11":"sale","12":"taxable","13":"shipping-taxable","14":"purchasable","15":"product-type-simple"},"_links":{"self":[{"href":"https:\/\/ifoffice.pt\/index.php?rest_route=\/wp\/v2\/product\/93585","targetHints":{"allow":["GET"]}}],"collection":[{"href":"https:\/\/ifoffice.pt\/index.php?rest_route=\/wp\/v2\/product"}],"about":[{"href":"https:\/\/ifoffice.pt\/index.php?rest_route=\/wp\/v2\/types\/product"}],"replies":[{"embeddable":true,"href":"https:\/\/ifoffice.pt\/index.php?rest_route=%2Fwp%2Fv2%2Fcomments&post=93585"}],"wp:featuredmedia":[{"embeddable":true,"href":"https:\/\/ifoffice.pt\/index.php?rest_route=\/wp\/v2\/media\/123604"}],"wp:attachment":[{"href":"https:\/\/ifoffice.pt\/index.php?rest_route=%2Fwp%2Fv2%2Fmedia&parent=93585"}],"wp:term":[{"taxonomy":"product_brand","embeddable":true,"href":"https:\/\/ifoffice.pt\/index.php?rest_route=%2Fwp%2Fv2%2Fproduct_brand&post=93585"},{"taxonomy":"product_cat","embeddable":true,"href":"https:\/\/ifoffice.pt\/index.php?rest_route=%2Fwp%2Fv2%2Fproduct_cat&post=93585"},{"taxonomy":"product_tag","embeddable":true,"href":"https:\/\/ifoffice.pt\/index.php?rest_route=%2Fwp%2Fv2%2Fproduct_tag&post=93585"}],"curies":[{"name":"wp","href":"https:\/\/api.w.org\/{rel}","templated":true}]}}