{"id":93362,"date":"2021-01-22T22:43:30","date_gmt":"2021-01-22T22:43:30","guid":{"rendered":"https:\/\/ifoffice.pt\/produto\/import-placeholder-for-43588\/"},"modified":"2025-05-16T08:43:24","modified_gmt":"2025-05-16T08:43:24","slug":"bloco-classificador-de-secretaria-liderpapel-com-5-gavetas-azul-opaco","status":"publish","type":"product","link":"https:\/\/ifoffice.pt\/?product=bloco-classificador-de-secretaria-liderpapel-com-5-gavetas-azul-opaco","title":{"rendered":"Bloco classificador de secretaria liderpapel com 5 gavetas azul opaco"},"content":{"rendered":"<p>M\u00f3dulo de blocos classificadores de gavetas empilh\u00e1veis com sistema de seguran\u00e7a que impede as gavetas de ca\u00edrem ao abrir. Deslizamento suave das gavetas. F\u00e1cil extra\u00e7\u00e3o de documentos. Permite guardar documentos com dimens\u00e3o at\u00e9 270 x 320 mm. Inclui gaveta organizadora na parte superior para ter sempre \u00e0 m\u00e3o os acess\u00f3rios de escrit\u00f3rio. O seu design ergon\u00f3mico e funcional facilita o empilhamento dos m\u00f3dulos com a simples coloca\u00e7\u00e3o de uns sobre os outros. Medidas m\u00f3dulo: 370 x 305 x 215 mm.<\/p>\n","protected":false},"excerpt":{"rendered":"<p>Bloco classificador de secretaria liderpapel com 5 gavetas azul opaco<\/p>\n","protected":false},"featured_media":123510,"comment_status":"closed","ping_status":"closed","template":"","meta":{"neve_meta_sidebar":"","neve_meta_container":"","neve_meta_enable_content_width":"off","neve_meta_content_width":0,"neve_meta_title_alignment":"","neve_meta_author_avatar":"","neve_post_elements_order":"","neve_meta_disable_header":"","neve_meta_disable_footer":"","neve_meta_disable_title":""},"product_brand":[],"product_cat":[1809],"product_tag":[946],"class_list":{"0":"post-93362","1":"product","2":"type-product","3":"status-publish","4":"has-post-thumbnail","6":"product_cat-bloco-classificador-secretaria","7":"product_tag-plastico","9":"first","10":"instock","11":"taxable","12":"shipping-taxable","13":"purchasable","14":"product-type-variable"},"_links":{"self":[{"href":"https:\/\/ifoffice.pt\/index.php?rest_route=\/wp\/v2\/product\/93362","targetHints":{"allow":["GET"]}}],"collection":[{"href":"https:\/\/ifoffice.pt\/index.php?rest_route=\/wp\/v2\/product"}],"about":[{"href":"https:\/\/ifoffice.pt\/index.php?rest_route=\/wp\/v2\/types\/product"}],"replies":[{"embeddable":true,"href":"https:\/\/ifoffice.pt\/index.php?rest_route=%2Fwp%2Fv2%2Fcomments&post=93362"}],"wp:featuredmedia":[{"embeddable":true,"href":"https:\/\/ifoffice.pt\/index.php?rest_route=\/wp\/v2\/media\/123510"}],"wp:attachment":[{"href":"https:\/\/ifoffice.pt\/index.php?rest_route=%2Fwp%2Fv2%2Fmedia&parent=93362"}],"wp:term":[{"taxonomy":"product_brand","embeddable":true,"href":"https:\/\/ifoffice.pt\/index.php?rest_route=%2Fwp%2Fv2%2Fproduct_brand&post=93362"},{"taxonomy":"product_cat","embeddable":true,"href":"https:\/\/ifoffice.pt\/index.php?rest_route=%2Fwp%2Fv2%2Fproduct_cat&post=93362"},{"taxonomy":"product_tag","embeddable":true,"href":"https:\/\/ifoffice.pt\/index.php?rest_route=%2Fwp%2Fv2%2Fproduct_tag&post=93362"}],"curies":[{"name":"wp","href":"https:\/\/api.w.org\/{rel}","templated":true}]}}