{"id":93303,"date":"2021-01-22T22:43:05","date_gmt":"2021-01-22T22:43:05","guid":{"rendered":"https:\/\/ifoffice.pt\/produto\/import-placeholder-for-43758\/"},"modified":"2026-02-23T13:26:41","modified_gmt":"2026-02-23T13:26:41","slug":"parchis-fournier-com-jogo-do-ganso-tabuleiro-pequeno-425x33x445x33x44-cm","status":"publish","type":"product","link":"https:\/\/ifoffice.pt\/?product=parchis-fournier-com-jogo-do-ganso-tabuleiro-pequeno-425x33x445x33x44-cm","title":{"rendered":"Parchis fournier com jogo do ganso tabuleiro pequeno 42,5x33x4,45x33x4,4 cm"},"content":{"rendered":"<p>Jogo de parch\u00eds para 4 jogadores com jogo do ganso. Cont\u00e9m: tabuleiro, 4 copos, 4 dados e fichas de 4 cores. Caixa para guardar acess\u00f3rios. Medidas do tabuleiro: 330 x 330 mm.  O jogo de\u00a0mesa.<\/p>\n","protected":false},"excerpt":{"rendered":"<p>Parchis fournier com jogo do ganso tabuleiro pequeno 42,5x33x4,45x33x4,4 cm<\/p>\n","protected":false},"featured_media":123481,"comment_status":"closed","ping_status":"closed","template":"","meta":{"neve_meta_sidebar":"","neve_meta_container":"","neve_meta_enable_content_width":"off","neve_meta_content_width":0,"neve_meta_title_alignment":"","neve_meta_author_avatar":"","neve_post_elements_order":"","neve_meta_disable_header":"","neve_meta_disable_footer":"","neve_meta_disable_title":""},"product_brand":[],"product_cat":[2086],"product_tag":[2170],"class_list":{"0":"post-93303","1":"product","2":"type-product","3":"status-publish","4":"has-post-thumbnail","6":"product_cat-jogos-de-mesa","7":"product_tag-jogos-de-mesa","9":"first","10":"instock","11":"taxable","12":"shipping-taxable","13":"purchasable","14":"product-type-simple"},"_links":{"self":[{"href":"https:\/\/ifoffice.pt\/index.php?rest_route=\/wp\/v2\/product\/93303","targetHints":{"allow":["GET"]}}],"collection":[{"href":"https:\/\/ifoffice.pt\/index.php?rest_route=\/wp\/v2\/product"}],"about":[{"href":"https:\/\/ifoffice.pt\/index.php?rest_route=\/wp\/v2\/types\/product"}],"replies":[{"embeddable":true,"href":"https:\/\/ifoffice.pt\/index.php?rest_route=%2Fwp%2Fv2%2Fcomments&post=93303"}],"wp:featuredmedia":[{"embeddable":true,"href":"https:\/\/ifoffice.pt\/index.php?rest_route=\/wp\/v2\/media\/123481"}],"wp:attachment":[{"href":"https:\/\/ifoffice.pt\/index.php?rest_route=%2Fwp%2Fv2%2Fmedia&parent=93303"}],"wp:term":[{"taxonomy":"product_brand","embeddable":true,"href":"https:\/\/ifoffice.pt\/index.php?rest_route=%2Fwp%2Fv2%2Fproduct_brand&post=93303"},{"taxonomy":"product_cat","embeddable":true,"href":"https:\/\/ifoffice.pt\/index.php?rest_route=%2Fwp%2Fv2%2Fproduct_cat&post=93303"},{"taxonomy":"product_tag","embeddable":true,"href":"https:\/\/ifoffice.pt\/index.php?rest_route=%2Fwp%2Fv2%2Fproduct_tag&post=93303"}],"curies":[{"name":"wp","href":"https:\/\/api.w.org\/{rel}","templated":true}]}}