{"id":93247,"date":"2021-01-22T22:42:40","date_gmt":"2021-01-22T22:42:40","guid":{"rendered":"https:\/\/ifoffice.pt\/produto\/import-placeholder-for-43845\/"},"modified":"2026-02-23T13:26:37","modified_gmt":"2026-02-23T13:26:37","slug":"mesa-para-videoprojector-nobo-ref-1900790","status":"publish","type":"product","link":"https:\/\/ifoffice.pt\/?product=mesa-para-videoprojector-nobo-ref-1900790","title":{"rendered":"Mesa para videoprojector nobo ref 1900790"},"content":{"rendered":"<p>Corpo de a\u00e7o prateado. Regul\u00e1vel em altura de 80 a 120 cm. A plataforma gira e regula-se em inclina\u00e7\u00e3o. Peso m\u00e1ximo suportado: 10 kg. Equipado com 4 rodas em estrela, 2 delas com trav\u00e3o. Medidas da plataforma: 380 x 430 mm.<\/p>\n","protected":false},"excerpt":{"rendered":"<p>Mesa para videoprojector nobo ref 1900790<\/p>\n","protected":false},"featured_media":123456,"comment_status":"closed","ping_status":"closed","template":"","meta":{"neve_meta_sidebar":"","neve_meta_container":"","neve_meta_enable_content_width":"off","neve_meta_content_width":0,"neve_meta_title_alignment":"","neve_meta_author_avatar":"","neve_post_elements_order":"","neve_meta_disable_header":"","neve_meta_disable_footer":"","neve_meta_disable_title":""},"product_brand":[],"product_cat":[2296],"product_tag":[851],"class_list":{"0":"post-93247","1":"product","2":"type-product","3":"status-publish","4":"has-post-thumbnail","6":"product_cat-mobiliario-informatico","7":"product_tag-mesa","9":"first","10":"instock","11":"taxable","12":"shipping-taxable","13":"purchasable","14":"product-type-simple"},"_links":{"self":[{"href":"https:\/\/ifoffice.pt\/index.php?rest_route=\/wp\/v2\/product\/93247","targetHints":{"allow":["GET"]}}],"collection":[{"href":"https:\/\/ifoffice.pt\/index.php?rest_route=\/wp\/v2\/product"}],"about":[{"href":"https:\/\/ifoffice.pt\/index.php?rest_route=\/wp\/v2\/types\/product"}],"replies":[{"embeddable":true,"href":"https:\/\/ifoffice.pt\/index.php?rest_route=%2Fwp%2Fv2%2Fcomments&post=93247"}],"wp:featuredmedia":[{"embeddable":true,"href":"https:\/\/ifoffice.pt\/index.php?rest_route=\/wp\/v2\/media\/123456"}],"wp:attachment":[{"href":"https:\/\/ifoffice.pt\/index.php?rest_route=%2Fwp%2Fv2%2Fmedia&parent=93247"}],"wp:term":[{"taxonomy":"product_brand","embeddable":true,"href":"https:\/\/ifoffice.pt\/index.php?rest_route=%2Fwp%2Fv2%2Fproduct_brand&post=93247"},{"taxonomy":"product_cat","embeddable":true,"href":"https:\/\/ifoffice.pt\/index.php?rest_route=%2Fwp%2Fv2%2Fproduct_cat&post=93247"},{"taxonomy":"product_tag","embeddable":true,"href":"https:\/\/ifoffice.pt\/index.php?rest_route=%2Fwp%2Fv2%2Fproduct_tag&post=93247"}],"curies":[{"name":"wp","href":"https:\/\/api.w.org\/{rel}","templated":true}]}}