{"id":93245,"date":"2021-01-22T22:42:40","date_gmt":"2021-01-22T22:42:40","guid":{"rendered":"https:\/\/ifoffice.pt\/produto\/import-placeholder-for-43865\/"},"modified":"2026-02-23T13:26:37","modified_gmt":"2026-02-23T13:26:37","slug":"tapete-para-rato-kensington-com-apoio-de-pulsos","status":"publish","type":"product","link":"https:\/\/ifoffice.pt\/?product=tapete-para-rato-kensington-com-apoio-de-pulsos","title":{"rendered":"Tapete para rato kensington com apoio de pulsos"},"content":{"rendered":"<p>Tapete para rato com apoio de pulso. Para maior comodidade, a press\u00e3o distribui-se uniformemente pela espuma. Tecido especial que reduz a fric\u00e7\u00e3o com o pulso para evitar a acumula\u00e7\u00e3o de calor e suor. O tapete.<\/p>\n","protected":false},"excerpt":{"rendered":"<p>Tapete para rato kensington com apoio de pulsos<\/p>\n","protected":false},"featured_media":123454,"comment_status":"closed","ping_status":"closed","template":"","meta":{"neve_meta_sidebar":"","neve_meta_container":"","neve_meta_enable_content_width":"off","neve_meta_content_width":0,"neve_meta_title_alignment":"","neve_meta_author_avatar":"","neve_post_elements_order":"","neve_meta_disable_header":"","neve_meta_disable_footer":"","neve_meta_disable_title":""},"product_brand":[],"product_cat":[1808],"product_tag":[1188],"class_list":{"0":"post-93245","1":"product","2":"type-product","3":"status-publish","4":"has-post-thumbnail","6":"product_cat-ergonomia","7":"product_tag-apoio-de-pulsos","9":"first","10":"instock","11":"taxable","12":"shipping-taxable","13":"purchasable","14":"product-type-simple"},"_links":{"self":[{"href":"https:\/\/ifoffice.pt\/index.php?rest_route=\/wp\/v2\/product\/93245","targetHints":{"allow":["GET"]}}],"collection":[{"href":"https:\/\/ifoffice.pt\/index.php?rest_route=\/wp\/v2\/product"}],"about":[{"href":"https:\/\/ifoffice.pt\/index.php?rest_route=\/wp\/v2\/types\/product"}],"replies":[{"embeddable":true,"href":"https:\/\/ifoffice.pt\/index.php?rest_route=%2Fwp%2Fv2%2Fcomments&post=93245"}],"wp:featuredmedia":[{"embeddable":true,"href":"https:\/\/ifoffice.pt\/index.php?rest_route=\/wp\/v2\/media\/123454"}],"wp:attachment":[{"href":"https:\/\/ifoffice.pt\/index.php?rest_route=%2Fwp%2Fv2%2Fmedia&parent=93245"}],"wp:term":[{"taxonomy":"product_brand","embeddable":true,"href":"https:\/\/ifoffice.pt\/index.php?rest_route=%2Fwp%2Fv2%2Fproduct_brand&post=93245"},{"taxonomy":"product_cat","embeddable":true,"href":"https:\/\/ifoffice.pt\/index.php?rest_route=%2Fwp%2Fv2%2Fproduct_cat&post=93245"},{"taxonomy":"product_tag","embeddable":true,"href":"https:\/\/ifoffice.pt\/index.php?rest_route=%2Fwp%2Fv2%2Fproduct_tag&post=93245"}],"curies":[{"name":"wp","href":"https:\/\/api.w.org\/{rel}","templated":true}]}}