{"id":93112,"date":"2021-01-22T22:41:49","date_gmt":"2021-01-22T22:41:49","guid":{"rendered":"https:\/\/ifoffice.pt\/produto\/import-placeholder-for-44323\/"},"modified":"2026-02-23T14:51:45","modified_gmt":"2026-02-23T14:51:45","slug":"fita-adesiva-tesa-para-pintar-45mtx25mm-fabricada-em-papel","status":"publish","type":"product","link":"https:\/\/ifoffice.pt\/?product=fita-adesiva-tesa-para-pintar-45mtx25mm-fabricada-em-papel","title":{"rendered":"Fita adesiva tesa para pintor 45 mt x 25 mm fabricada em papel"},"content":{"rendered":"<p>NOPI\u00ae 4349 \u00e9 uma fita de papel com adesivo de borracha natural para aplica\u00e7\u00f5es gerais: veda\u00e7\u00e3o, fixa\u00e7\u00e3o, embalagem, etc.  Pode ser cortada \u00e0 m\u00e3o. A\u00a0fita.<\/p>\n","protected":false},"excerpt":{"rendered":"<p>PACK DE 12 UNIDADES<\/p>\n","protected":false},"featured_media":129822,"comment_status":"closed","ping_status":"closed","template":"","meta":{"neve_meta_sidebar":"","neve_meta_container":"","neve_meta_enable_content_width":"off","neve_meta_content_width":0,"neve_meta_title_alignment":"","neve_meta_author_avatar":"","neve_post_elements_order":"","neve_meta_disable_header":"","neve_meta_disable_footer":"","neve_meta_disable_title":""},"product_brand":[],"product_cat":[1800],"product_tag":[2090],"class_list":{"0":"post-93112","1":"product","2":"type-product","3":"status-publish","4":"has-post-thumbnail","6":"product_cat-fitas-adesivas","7":"product_tag-pintor","9":"first","10":"instock","11":"taxable","12":"shipping-taxable","13":"purchasable","14":"product-type-simple"},"_links":{"self":[{"href":"https:\/\/ifoffice.pt\/index.php?rest_route=\/wp\/v2\/product\/93112","targetHints":{"allow":["GET"]}}],"collection":[{"href":"https:\/\/ifoffice.pt\/index.php?rest_route=\/wp\/v2\/product"}],"about":[{"href":"https:\/\/ifoffice.pt\/index.php?rest_route=\/wp\/v2\/types\/product"}],"replies":[{"embeddable":true,"href":"https:\/\/ifoffice.pt\/index.php?rest_route=%2Fwp%2Fv2%2Fcomments&post=93112"}],"wp:featuredmedia":[{"embeddable":true,"href":"https:\/\/ifoffice.pt\/index.php?rest_route=\/wp\/v2\/media\/129822"}],"wp:attachment":[{"href":"https:\/\/ifoffice.pt\/index.php?rest_route=%2Fwp%2Fv2%2Fmedia&parent=93112"}],"wp:term":[{"taxonomy":"product_brand","embeddable":true,"href":"https:\/\/ifoffice.pt\/index.php?rest_route=%2Fwp%2Fv2%2Fproduct_brand&post=93112"},{"taxonomy":"product_cat","embeddable":true,"href":"https:\/\/ifoffice.pt\/index.php?rest_route=%2Fwp%2Fv2%2Fproduct_cat&post=93112"},{"taxonomy":"product_tag","embeddable":true,"href":"https:\/\/ifoffice.pt\/index.php?rest_route=%2Fwp%2Fv2%2Fproduct_tag&post=93112"}],"curies":[{"name":"wp","href":"https:\/\/api.w.org\/{rel}","templated":true}]}}