{"id":93020,"date":"2021-01-22T22:41:02","date_gmt":"2021-01-22T22:41:02","guid":{"rendered":"https:\/\/ifoffice.pt\/produto\/import-placeholder-for-45070\/"},"modified":"2025-03-12T11:52:49","modified_gmt":"2025-03-12T11:52:49","slug":"roller-pentel-bl57-energel-ponta-metal-verde","status":"publish","type":"product","link":"https:\/\/ifoffice.pt\/?product=roller-pentel-bl57-energel-ponta-metal-verde","title":{"rendered":"Roller pentel bl57 energel ponta metal verde caixa com 12 unidades"},"content":{"rendered":"<p>A proxima gera\u00e7\u00e0o de rollers. Utiliza a melhor qualidade de tinta liquida, proporcionando ultra suavidade e r\u00e1pida secagem do gel. O grip de borracha d\u00e1-lhe conforto durante horas de escrita. Ponta de 0,7 mm. Usa recargas LR7.<\/p>\n","protected":false},"excerpt":{"rendered":"<p>Roller pentel bl57 energel ponta metal verde<\/p>\n","protected":false},"featured_media":93050,"comment_status":"closed","ping_status":"closed","template":"","meta":{"neve_meta_sidebar":"","neve_meta_container":"","neve_meta_enable_content_width":"off","neve_meta_content_width":0,"neve_meta_title_alignment":"","neve_meta_author_avatar":"","neve_post_elements_order":"","neve_meta_disable_header":"","neve_meta_disable_footer":"","neve_meta_disable_title":""},"product_brand":[],"product_cat":[1767],"product_tag":[924],"class_list":{"0":"post-93020","1":"product","2":"type-product","3":"status-publish","4":"has-post-thumbnail","6":"product_cat-marcadores-roller","7":"product_tag-com-tampa","9":"first","10":"outofstock","11":"taxable","12":"shipping-taxable","13":"purchasable","14":"product-type-simple"},"_links":{"self":[{"href":"https:\/\/ifoffice.pt\/index.php?rest_route=\/wp\/v2\/product\/93020","targetHints":{"allow":["GET"]}}],"collection":[{"href":"https:\/\/ifoffice.pt\/index.php?rest_route=\/wp\/v2\/product"}],"about":[{"href":"https:\/\/ifoffice.pt\/index.php?rest_route=\/wp\/v2\/types\/product"}],"replies":[{"embeddable":true,"href":"https:\/\/ifoffice.pt\/index.php?rest_route=%2Fwp%2Fv2%2Fcomments&post=93020"}],"wp:featuredmedia":[{"embeddable":true,"href":"https:\/\/ifoffice.pt\/index.php?rest_route=\/wp\/v2\/media\/93050"}],"wp:attachment":[{"href":"https:\/\/ifoffice.pt\/index.php?rest_route=%2Fwp%2Fv2%2Fmedia&parent=93020"}],"wp:term":[{"taxonomy":"product_brand","embeddable":true,"href":"https:\/\/ifoffice.pt\/index.php?rest_route=%2Fwp%2Fv2%2Fproduct_brand&post=93020"},{"taxonomy":"product_cat","embeddable":true,"href":"https:\/\/ifoffice.pt\/index.php?rest_route=%2Fwp%2Fv2%2Fproduct_cat&post=93020"},{"taxonomy":"product_tag","embeddable":true,"href":"https:\/\/ifoffice.pt\/index.php?rest_route=%2Fwp%2Fv2%2Fproduct_tag&post=93020"}],"curies":[{"name":"wp","href":"https:\/\/api.w.org\/{rel}","templated":true}]}}