{"id":92916,"date":"2021-01-22T22:40:13","date_gmt":"2021-01-22T22:40:13","guid":{"rendered":"https:\/\/ifoffice.pt\/produto\/import-placeholder-for-45158\/"},"modified":"2026-02-23T14:51:38","modified_gmt":"2026-02-23T14:51:38","slug":"corretor-pentel-roller-zt45w-5mm-x-8m","status":"publish","type":"product","link":"https:\/\/ifoffice.pt\/?product=corretor-pentel-roller-zt45w-5mm-x-8m","title":{"rendered":"Corretor pentel roller zt45w 5mm x 8m"},"content":{"rendered":"<p>Fita corretora de tamanho compacto ideal para caber na sua m\u00e3o. A fita adere bem para melhores resultados. Secagem instant\u00e2nea, pode escrever-se logo ap\u00f3s a corre\u00e7\u00e3o, at\u00e9 com canetas \u00e0 base de \u00e1gua. Sem sombras quando fotocopiado. Tampa protetora inclu\u00edda. Fita: 5 mm x 8 mts.<\/p>\n","protected":false},"excerpt":{"rendered":"<p>PACK DE 12 UNIDADES<\/p>\n","protected":false},"featured_media":123303,"comment_status":"closed","ping_status":"closed","template":"","meta":{"neve_meta_sidebar":"","neve_meta_container":"","neve_meta_enable_content_width":"off","neve_meta_content_width":0,"neve_meta_title_alignment":"","neve_meta_author_avatar":"","neve_post_elements_order":"","neve_meta_disable_header":"","neve_meta_disable_footer":"","neve_meta_disable_title":""},"product_brand":[],"product_cat":[1757],"product_tag":[803],"class_list":{"0":"post-92916","1":"product","2":"type-product","3":"status-publish","4":"has-post-thumbnail","6":"product_cat-correctores-de-fita","7":"product_tag-fita","9":"first","10":"instock","11":"taxable","12":"shipping-taxable","13":"purchasable","14":"product-type-simple"},"_links":{"self":[{"href":"https:\/\/ifoffice.pt\/index.php?rest_route=\/wp\/v2\/product\/92916","targetHints":{"allow":["GET"]}}],"collection":[{"href":"https:\/\/ifoffice.pt\/index.php?rest_route=\/wp\/v2\/product"}],"about":[{"href":"https:\/\/ifoffice.pt\/index.php?rest_route=\/wp\/v2\/types\/product"}],"replies":[{"embeddable":true,"href":"https:\/\/ifoffice.pt\/index.php?rest_route=%2Fwp%2Fv2%2Fcomments&post=92916"}],"wp:featuredmedia":[{"embeddable":true,"href":"https:\/\/ifoffice.pt\/index.php?rest_route=\/wp\/v2\/media\/123303"}],"wp:attachment":[{"href":"https:\/\/ifoffice.pt\/index.php?rest_route=%2Fwp%2Fv2%2Fmedia&parent=92916"}],"wp:term":[{"taxonomy":"product_brand","embeddable":true,"href":"https:\/\/ifoffice.pt\/index.php?rest_route=%2Fwp%2Fv2%2Fproduct_brand&post=92916"},{"taxonomy":"product_cat","embeddable":true,"href":"https:\/\/ifoffice.pt\/index.php?rest_route=%2Fwp%2Fv2%2Fproduct_cat&post=92916"},{"taxonomy":"product_tag","embeddable":true,"href":"https:\/\/ifoffice.pt\/index.php?rest_route=%2Fwp%2Fv2%2Fproduct_tag&post=92916"}],"curies":[{"name":"wp","href":"https:\/\/api.w.org\/{rel}","templated":true}]}}