{"id":92753,"date":"2021-01-22T22:39:00","date_gmt":"2021-01-22T22:39:00","guid":{"rendered":"https:\/\/ifoffice.pt\/produto\/import-placeholder-for-45283\/"},"modified":"2026-02-23T14:51:27","modified_gmt":"2026-02-23T14:51:27","slug":"recarga-borracha-ze11t-ze21-ze22-com-2-borrachas","status":"publish","type":"product","link":"https:\/\/ifoffice.pt\/?product=recarga-borracha-ze11t-ze21-ze22-com-2-borrachas","title":{"rendered":"Recarga borracha ze11t\/ze21\/ze22. com 2 borrachas"},"content":{"rendered":"<p>Borracha tipo l\u00e1pis com clip e corpo  transparente. O clip avan\u00e7a \u00e0 medida que a  borracha \u00e9 utilizada. Dispon\u00edvel em 4 cores.<\/p>\n","protected":false},"excerpt":{"rendered":"<p>PACK DE 12 UNIDADES<\/p>\n","protected":false},"featured_media":123231,"comment_status":"closed","ping_status":"closed","template":"","meta":{"neve_meta_sidebar":"","neve_meta_container":"","neve_meta_enable_content_width":"off","neve_meta_content_width":0,"neve_meta_title_alignment":"","neve_meta_author_avatar":"","neve_post_elements_order":"","neve_meta_disable_header":"","neve_meta_disable_footer":"","neve_meta_disable_title":""},"product_brand":[],"product_cat":[1789],"product_tag":[1416],"class_list":{"0":"post-92753","1":"product","2":"type-product","3":"status-publish","4":"has-post-thumbnail","6":"product_cat-borrachas","7":"product_tag-porta-borrachas","9":"first","10":"instock","11":"taxable","12":"shipping-taxable","13":"purchasable","14":"product-type-simple"},"_links":{"self":[{"href":"https:\/\/ifoffice.pt\/index.php?rest_route=\/wp\/v2\/product\/92753","targetHints":{"allow":["GET"]}}],"collection":[{"href":"https:\/\/ifoffice.pt\/index.php?rest_route=\/wp\/v2\/product"}],"about":[{"href":"https:\/\/ifoffice.pt\/index.php?rest_route=\/wp\/v2\/types\/product"}],"replies":[{"embeddable":true,"href":"https:\/\/ifoffice.pt\/index.php?rest_route=%2Fwp%2Fv2%2Fcomments&post=92753"}],"wp:featuredmedia":[{"embeddable":true,"href":"https:\/\/ifoffice.pt\/index.php?rest_route=\/wp\/v2\/media\/123231"}],"wp:attachment":[{"href":"https:\/\/ifoffice.pt\/index.php?rest_route=%2Fwp%2Fv2%2Fmedia&parent=92753"}],"wp:term":[{"taxonomy":"product_brand","embeddable":true,"href":"https:\/\/ifoffice.pt\/index.php?rest_route=%2Fwp%2Fv2%2Fproduct_brand&post=92753"},{"taxonomy":"product_cat","embeddable":true,"href":"https:\/\/ifoffice.pt\/index.php?rest_route=%2Fwp%2Fv2%2Fproduct_cat&post=92753"},{"taxonomy":"product_tag","embeddable":true,"href":"https:\/\/ifoffice.pt\/index.php?rest_route=%2Fwp%2Fv2%2Fproduct_tag&post=92753"}],"curies":[{"name":"wp","href":"https:\/\/api.w.org\/{rel}","templated":true}]}}