{"id":92716,"date":"2021-01-22T22:38:39","date_gmt":"2021-01-22T22:38:39","guid":{"rendered":"https:\/\/ifoffice.pt\/produto\/import-placeholder-for-45300\/"},"modified":"2025-03-12T11:52:14","modified_gmt":"2025-03-12T11:52:14","slug":"calculadora-citizen-de-secretaria-cdc-80-8-digitos-azul-metalizada","status":"publish","type":"product","link":"https:\/\/ifoffice.pt\/?product=calculadora-citizen-de-secretaria-cdc-80-8-digitos-azul-metalizada","title":{"rendered":"Calculadora Citizen de secret\u00e1ria cdc-80. Azul metalizada"},"content":{"rendered":"<p>Calculadora de secret\u00e1ria de 8 d\u00edgitos. Tecla de margem de lucro. Raiz quadrada. Soma e subtra\u00e7\u00e3o de memoria. Tecla de percentagem. C\u00e1lculo de impostos. Medidas: 135 x 109 x 23,3 mm. Peso: 105 g.<\/p>\n","protected":false},"excerpt":{"rendered":"<p>Calculadora citizen de secretaria cdc-80 8 digitos azul metalizada<\/p>\n","protected":false},"featured_media":92746,"comment_status":"closed","ping_status":"closed","template":"","meta":{"neve_meta_sidebar":"","neve_meta_container":"","neve_meta_enable_content_width":"off","neve_meta_content_width":0,"neve_meta_title_alignment":"","neve_meta_author_avatar":"","neve_post_elements_order":"","neve_meta_disable_header":"","neve_meta_disable_footer":"","neve_meta_disable_title":""},"product_brand":[],"product_cat":[1883],"product_tag":[950],"class_list":{"0":"post-92716","1":"product","2":"type-product","3":"status-publish","4":"has-post-thumbnail","6":"product_cat-calculadoras-de-secretaria","7":"product_tag-secretaria","9":"first","10":"outofstock","11":"taxable","12":"shipping-taxable","13":"purchasable","14":"product-type-simple"},"_links":{"self":[{"href":"https:\/\/ifoffice.pt\/index.php?rest_route=\/wp\/v2\/product\/92716","targetHints":{"allow":["GET"]}}],"collection":[{"href":"https:\/\/ifoffice.pt\/index.php?rest_route=\/wp\/v2\/product"}],"about":[{"href":"https:\/\/ifoffice.pt\/index.php?rest_route=\/wp\/v2\/types\/product"}],"replies":[{"embeddable":true,"href":"https:\/\/ifoffice.pt\/index.php?rest_route=%2Fwp%2Fv2%2Fcomments&post=92716"}],"wp:featuredmedia":[{"embeddable":true,"href":"https:\/\/ifoffice.pt\/index.php?rest_route=\/wp\/v2\/media\/92746"}],"wp:attachment":[{"href":"https:\/\/ifoffice.pt\/index.php?rest_route=%2Fwp%2Fv2%2Fmedia&parent=92716"}],"wp:term":[{"taxonomy":"product_brand","embeddable":true,"href":"https:\/\/ifoffice.pt\/index.php?rest_route=%2Fwp%2Fv2%2Fproduct_brand&post=92716"},{"taxonomy":"product_cat","embeddable":true,"href":"https:\/\/ifoffice.pt\/index.php?rest_route=%2Fwp%2Fv2%2Fproduct_cat&post=92716"},{"taxonomy":"product_tag","embeddable":true,"href":"https:\/\/ifoffice.pt\/index.php?rest_route=%2Fwp%2Fv2%2Fproduct_tag&post=92716"}],"curies":[{"name":"wp","href":"https:\/\/api.w.org\/{rel}","templated":true}]}}