{"id":92611,"date":"2021-01-22T22:37:50","date_gmt":"2021-01-22T22:37:50","guid":{"rendered":"https:\/\/ifoffice.pt\/produto\/import-placeholder-for-45891\/"},"modified":"2025-03-12T11:52:05","modified_gmt":"2025-03-12T11:52:05","slug":"lapiseira-pentel-pl77-07-mm-rosa","status":"publish","type":"product","link":"https:\/\/ifoffice.pt\/?product=lapiseira-pentel-pl77-07-mm-rosa","title":{"rendered":"Lapiseira pentel pl77 0,7 mm rosa caixa com 12 unidades"},"content":{"rendered":"<p>Lapiseira de design atrativo com grip de borracha que proporciona horas de escrita confort\u00e1vel. Ponta retr\u00e1til e clip met\u00e1lico. Usa minas de 0,7 mm. Dispon\u00e1vel em 2 cores.<\/p>\n","protected":false},"excerpt":{"rendered":"<p>Lapiseira pentel pl77 0,7 mm rosa<\/p>\n","protected":false},"featured_media":92641,"comment_status":"closed","ping_status":"closed","template":"","meta":{"neve_meta_sidebar":"","neve_meta_container":"","neve_meta_enable_content_width":"off","neve_meta_content_width":0,"neve_meta_title_alignment":"","neve_meta_author_avatar":"","neve_post_elements_order":"","neve_meta_disable_header":"","neve_meta_disable_footer":"","neve_meta_disable_title":""},"product_brand":[],"product_cat":[1768],"product_tag":[924],"class_list":{"0":"post-92611","1":"product","2":"type-product","3":"status-publish","4":"has-post-thumbnail","6":"product_cat-lapiseiras","7":"product_tag-com-tampa","9":"first","10":"outofstock","11":"taxable","12":"shipping-taxable","13":"purchasable","14":"product-type-simple"},"_links":{"self":[{"href":"https:\/\/ifoffice.pt\/index.php?rest_route=\/wp\/v2\/product\/92611","targetHints":{"allow":["GET"]}}],"collection":[{"href":"https:\/\/ifoffice.pt\/index.php?rest_route=\/wp\/v2\/product"}],"about":[{"href":"https:\/\/ifoffice.pt\/index.php?rest_route=\/wp\/v2\/types\/product"}],"replies":[{"embeddable":true,"href":"https:\/\/ifoffice.pt\/index.php?rest_route=%2Fwp%2Fv2%2Fcomments&post=92611"}],"wp:featuredmedia":[{"embeddable":true,"href":"https:\/\/ifoffice.pt\/index.php?rest_route=\/wp\/v2\/media\/92641"}],"wp:attachment":[{"href":"https:\/\/ifoffice.pt\/index.php?rest_route=%2Fwp%2Fv2%2Fmedia&parent=92611"}],"wp:term":[{"taxonomy":"product_brand","embeddable":true,"href":"https:\/\/ifoffice.pt\/index.php?rest_route=%2Fwp%2Fv2%2Fproduct_brand&post=92611"},{"taxonomy":"product_cat","embeddable":true,"href":"https:\/\/ifoffice.pt\/index.php?rest_route=%2Fwp%2Fv2%2Fproduct_cat&post=92611"},{"taxonomy":"product_tag","embeddable":true,"href":"https:\/\/ifoffice.pt\/index.php?rest_route=%2Fwp%2Fv2%2Fproduct_tag&post=92611"}],"curies":[{"name":"wp","href":"https:\/\/api.w.org\/{rel}","templated":true}]}}