{"id":92544,"date":"2021-01-22T22:19:35","date_gmt":"2021-01-22T22:19:35","guid":{"rendered":"https:\/\/ifoffice.pt\/produto\/import-placeholder-for-45951\/"},"modified":"2025-03-12T11:51:57","modified_gmt":"2025-03-12T11:51:57","slug":"roller-pentel-tradio-creme","status":"publish","type":"product","link":"https:\/\/ifoffice.pt\/?product=roller-pentel-tradio-creme","title":{"rendered":"Roller pentel tradio creme"},"content":{"rendered":"<p>Esta s\u00e9rie de elegantes tonalidades possui 3 designs naturais, como &#8216;Pedra&#8217;, &#8216;Terra&#8217; e &#8216;Areia&#8217;. Escrita de cor preta, \u00e9 ideal para todas as situa\u00e7\u00f5es.<\/p>\n","protected":false},"excerpt":{"rendered":"<p>PACK DE 12 UNIDADES<\/p>\n","protected":false},"featured_media":123167,"comment_status":"closed","ping_status":"closed","template":"","meta":{"neve_meta_sidebar":"","neve_meta_container":"","neve_meta_enable_content_width":"off","neve_meta_content_width":0,"neve_meta_title_alignment":"","neve_meta_author_avatar":"","neve_post_elements_order":"","neve_meta_disable_header":"","neve_meta_disable_footer":"","neve_meta_disable_title":""},"product_brand":[],"product_cat":[1767],"product_tag":[924],"class_list":{"0":"post-92544","1":"product","2":"type-product","3":"status-publish","4":"has-post-thumbnail","6":"product_cat-marcadores-roller","7":"product_tag-com-tampa","9":"first","10":"outofstock","11":"taxable","12":"shipping-taxable","13":"purchasable","14":"product-type-simple"},"_links":{"self":[{"href":"https:\/\/ifoffice.pt\/index.php?rest_route=\/wp\/v2\/product\/92544","targetHints":{"allow":["GET"]}}],"collection":[{"href":"https:\/\/ifoffice.pt\/index.php?rest_route=\/wp\/v2\/product"}],"about":[{"href":"https:\/\/ifoffice.pt\/index.php?rest_route=\/wp\/v2\/types\/product"}],"replies":[{"embeddable":true,"href":"https:\/\/ifoffice.pt\/index.php?rest_route=%2Fwp%2Fv2%2Fcomments&post=92544"}],"wp:featuredmedia":[{"embeddable":true,"href":"https:\/\/ifoffice.pt\/index.php?rest_route=\/wp\/v2\/media\/123167"}],"wp:attachment":[{"href":"https:\/\/ifoffice.pt\/index.php?rest_route=%2Fwp%2Fv2%2Fmedia&parent=92544"}],"wp:term":[{"taxonomy":"product_brand","embeddable":true,"href":"https:\/\/ifoffice.pt\/index.php?rest_route=%2Fwp%2Fv2%2Fproduct_brand&post=92544"},{"taxonomy":"product_cat","embeddable":true,"href":"https:\/\/ifoffice.pt\/index.php?rest_route=%2Fwp%2Fv2%2Fproduct_cat&post=92544"},{"taxonomy":"product_tag","embeddable":true,"href":"https:\/\/ifoffice.pt\/index.php?rest_route=%2Fwp%2Fv2%2Fproduct_tag&post=92544"}],"curies":[{"name":"wp","href":"https:\/\/api.w.org\/{rel}","templated":true}]}}