{"id":92534,"date":"2021-01-22T22:19:34","date_gmt":"2021-01-22T22:19:34","guid":{"rendered":"https:\/\/ifoffice.pt\/produto\/import-placeholder-for-45966\/"},"modified":"2025-03-12T11:51:55","modified_gmt":"2025-03-12T11:51:55","slug":"lapiseira-pentel-pg1003-a-03-mm-preto","status":"publish","type":"product","link":"https:\/\/ifoffice.pt\/?product=lapiseira-pentel-pg1003-a-03-mm-preto","title":{"rendered":"Lapiseira pentel pg1003-a 0,3 mm preto"},"content":{"rendered":"<p>Lapiseira para desenho t\u00e9cnico ou profissional na cor preta. Grip de borracha e design moderno. Clip ajust\u00e1vel e ponta fixa de 4 mm. Usa minas de 0,3 mm, 0,5 mm e 0,7 mm e cont\u00e9m borracha.<\/p>\n","protected":false},"excerpt":{"rendered":"<p>Lapiseira pentel pg1003-a 0,3 mm preto<\/p>\n","protected":false},"featured_media":123161,"comment_status":"closed","ping_status":"closed","template":"","meta":{"neve_meta_sidebar":"","neve_meta_container":"","neve_meta_enable_content_width":"","neve_meta_content_width":0,"neve_meta_title_alignment":"","neve_meta_author_avatar":"","neve_post_elements_order":"","neve_meta_disable_header":"","neve_meta_disable_footer":"","neve_meta_disable_title":""},"product_brand":[],"product_cat":[1768],"product_tag":[2345],"class_list":{"0":"post-92534","1":"product","2":"type-product","3":"status-publish","4":"has-post-thumbnail","6":"product_cat-lapiseiras","7":"product_tag-profissionais","9":"first","10":"outofstock","11":"taxable","12":"shipping-taxable","13":"purchasable","14":"product-type-simple"},"_links":{"self":[{"href":"https:\/\/ifoffice.pt\/index.php?rest_route=\/wp\/v2\/product\/92534","targetHints":{"allow":["GET"]}}],"collection":[{"href":"https:\/\/ifoffice.pt\/index.php?rest_route=\/wp\/v2\/product"}],"about":[{"href":"https:\/\/ifoffice.pt\/index.php?rest_route=\/wp\/v2\/types\/product"}],"replies":[{"embeddable":true,"href":"https:\/\/ifoffice.pt\/index.php?rest_route=%2Fwp%2Fv2%2Fcomments&post=92534"}],"wp:featuredmedia":[{"embeddable":true,"href":"https:\/\/ifoffice.pt\/index.php?rest_route=\/wp\/v2\/media\/123161"}],"wp:attachment":[{"href":"https:\/\/ifoffice.pt\/index.php?rest_route=%2Fwp%2Fv2%2Fmedia&parent=92534"}],"wp:term":[{"taxonomy":"product_brand","embeddable":true,"href":"https:\/\/ifoffice.pt\/index.php?rest_route=%2Fwp%2Fv2%2Fproduct_brand&post=92534"},{"taxonomy":"product_cat","embeddable":true,"href":"https:\/\/ifoffice.pt\/index.php?rest_route=%2Fwp%2Fv2%2Fproduct_cat&post=92534"},{"taxonomy":"product_tag","embeddable":true,"href":"https:\/\/ifoffice.pt\/index.php?rest_route=%2Fwp%2Fv2%2Fproduct_tag&post=92534"}],"curies":[{"name":"wp","href":"https:\/\/api.w.org\/{rel}","templated":true}]}}