{"id":92437,"date":"2021-01-22T22:18:46","date_gmt":"2021-01-22T22:18:46","guid":{"rendered":"https:\/\/ifoffice.pt\/produto\/import-placeholder-for-46101\/"},"modified":"2024-10-08T07:52:01","modified_gmt":"2024-10-08T07:52:01","slug":"pen-drive-usb-emtec-flash-usb-8gb-c410-roxo","status":"publish","type":"product","link":"https:\/\/ifoffice.pt\/?product=pen-drive-usb-emtec-flash-usb-8gb-c410-roxo","title":{"rendered":"Pen drive usb emtec flash usb 8gb c410 roxo"},"content":{"rendered":"<p>Os pendrives USB C410 oferecem um formato pr\u00e1tico e um funcionamento magn\u00e1fico. Velocidade de leitura at\u00e9 15 mb\/s. Velocidade de escrita at\u00e9 8 mb\/s. Sistema operativo: Windows 98se, 2000, x, Me, Vista, Linux, Mac OS. Com capacidade 8GB. Medidas: 57 x 19 x 9 mm.<\/p>\n","protected":false},"excerpt":{"rendered":"<p>Pen drive usb emtec flash usb 8gb c410 roxo<\/p>\n","protected":false},"featured_media":92467,"comment_status":"closed","ping_status":"closed","template":"","meta":{"neve_meta_sidebar":"","neve_meta_container":"","neve_meta_enable_content_width":"off","neve_meta_content_width":100,"neve_meta_title_alignment":"","neve_meta_author_avatar":"","neve_post_elements_order":"","neve_meta_disable_header":"","neve_meta_disable_footer":"","neve_meta_disable_title":""},"product_brand":[],"product_cat":[15],"product_tag":[931],"class_list":{"0":"post-92437","1":"product","2":"type-product","3":"status-publish","4":"has-post-thumbnail","6":"product_cat-uncategorized","7":"product_tag-memorias-usb","9":"first","10":"outofstock","11":"taxable","12":"shipping-taxable","13":"purchasable","14":"product-type-variable"},"_links":{"self":[{"href":"https:\/\/ifoffice.pt\/index.php?rest_route=\/wp\/v2\/product\/92437","targetHints":{"allow":["GET"]}}],"collection":[{"href":"https:\/\/ifoffice.pt\/index.php?rest_route=\/wp\/v2\/product"}],"about":[{"href":"https:\/\/ifoffice.pt\/index.php?rest_route=\/wp\/v2\/types\/product"}],"replies":[{"embeddable":true,"href":"https:\/\/ifoffice.pt\/index.php?rest_route=%2Fwp%2Fv2%2Fcomments&post=92437"}],"wp:featuredmedia":[{"embeddable":true,"href":"https:\/\/ifoffice.pt\/index.php?rest_route=\/wp\/v2\/media\/92467"}],"wp:attachment":[{"href":"https:\/\/ifoffice.pt\/index.php?rest_route=%2Fwp%2Fv2%2Fmedia&parent=92437"}],"wp:term":[{"taxonomy":"product_brand","embeddable":true,"href":"https:\/\/ifoffice.pt\/index.php?rest_route=%2Fwp%2Fv2%2Fproduct_brand&post=92437"},{"taxonomy":"product_cat","embeddable":true,"href":"https:\/\/ifoffice.pt\/index.php?rest_route=%2Fwp%2Fv2%2Fproduct_cat&post=92437"},{"taxonomy":"product_tag","embeddable":true,"href":"https:\/\/ifoffice.pt\/index.php?rest_route=%2Fwp%2Fv2%2Fproduct_tag&post=92437"}],"curies":[{"name":"wp","href":"https:\/\/api.w.org\/{rel}","templated":true}]}}