{"id":92385,"date":"2021-01-22T22:18:20","date_gmt":"2021-01-22T22:18:20","guid":{"rendered":"https:\/\/ifoffice.pt\/produto\/import-placeholder-for-46693\/"},"modified":"2026-02-23T13:25:44","modified_gmt":"2026-02-23T13:25:44","slug":"modulo-classificador-cartao-fellowes-com-8-compartimentos-490x310x260mm","status":"publish","type":"product","link":"https:\/\/ifoffice.pt\/produto\/modulo-classificador-cartao-fellowes-com-8-compartimentos-490x310x260mm\/","title":{"rendered":"Modulo classificador cartao fellowes com 8 compartimentos 490x310x260mm"},"content":{"rendered":"<p>Organizador fabricado em cart\u00e3o 100% reciclado e impresso com tintas \u00e0 base de \u00e1gua. 8 compartimentos para organizar documentos, correio e outros artigos de escrit\u00f3rio. Na parte frontal podem colar-se etiquetas. Empilh\u00e1vel at\u00e9 3 alturas para poupar espa\u00e7o. Medida compartimento: 230 x 55 x 310mm.<\/p>\n","protected":false},"excerpt":{"rendered":"<p>Modulo classificador cartao fellowes com 8 compartimentos 490x310x260mm<\/p>\n","protected":false},"featured_media":123097,"comment_status":"closed","ping_status":"closed","template":"","meta":{"neve_meta_sidebar":"","neve_meta_container":"","neve_meta_enable_content_width":"off","neve_meta_content_width":0,"neve_meta_title_alignment":"","neve_meta_author_avatar":"","neve_post_elements_order":"","neve_meta_disable_header":"","neve_meta_disable_footer":"","neve_meta_disable_title":""},"product_brand":[],"product_cat":[1899],"product_tag":[2058],"class_list":{"0":"post-92385","1":"product","2":"type-product","3":"status-publish","4":"has-post-thumbnail","6":"product_cat-armarios","7":"product_tag-movel-auxiliar","9":"first","10":"instock","11":"taxable","12":"shipping-taxable","13":"purchasable","14":"product-type-simple"},"_links":{"self":[{"href":"https:\/\/ifoffice.pt\/wp-json\/wp\/v2\/product\/92385","targetHints":{"allow":["GET"]}}],"collection":[{"href":"https:\/\/ifoffice.pt\/wp-json\/wp\/v2\/product"}],"about":[{"href":"https:\/\/ifoffice.pt\/wp-json\/wp\/v2\/types\/product"}],"replies":[{"embeddable":true,"href":"https:\/\/ifoffice.pt\/wp-json\/wp\/v2\/comments?post=92385"}],"wp:featuredmedia":[{"embeddable":true,"href":"https:\/\/ifoffice.pt\/wp-json\/wp\/v2\/media\/123097"}],"wp:attachment":[{"href":"https:\/\/ifoffice.pt\/wp-json\/wp\/v2\/media?parent=92385"}],"wp:term":[{"taxonomy":"product_brand","embeddable":true,"href":"https:\/\/ifoffice.pt\/wp-json\/wp\/v2\/product_brand?post=92385"},{"taxonomy":"product_cat","embeddable":true,"href":"https:\/\/ifoffice.pt\/wp-json\/wp\/v2\/product_cat?post=92385"},{"taxonomy":"product_tag","embeddable":true,"href":"https:\/\/ifoffice.pt\/wp-json\/wp\/v2\/product_tag?post=92385"}],"curies":[{"name":"wp","href":"https:\/\/api.w.org\/{rel}","templated":true}]}}