{"id":92105,"date":"2021-01-22T22:16:15","date_gmt":"2021-01-22T22:16:15","guid":{"rendered":"https:\/\/ifoffice.pt\/produto\/import-placeholder-for-47336\/"},"modified":"2025-03-12T11:51:08","modified_gmt":"2025-03-12T11:51:08","slug":"apoio-de-pes-fellowes-com-aquecimento-climate","status":"publish","type":"product","link":"https:\/\/ifoffice.pt\/?product=apoio-de-pes-fellowes-com-aquecimento-climate","title":{"rendered":"Apoio de pes fellowes com aquecimento climate"},"content":{"rendered":"<p>Com sistema de aquecimento regul\u00e1vel. Permite alcan\u00e7ar uma temperatura desejada nos seus p\u00e9s, contribuindo para uma confort\u00e1vel posi\u00e7\u00e3o de trabalho. 3 n\u00edveis de regula\u00e7\u00e3o de temperatura: ar, n\u00edvel de calor baixo (200W) e n\u00edvel de calor alto (500W). Evita as dores de costas e lombares e das pernas, mantendo uma postura correta e saud\u00e1vel. Comprimento do cabo 1,25 metros. Regul\u00e1vel em altura. Medidas: 415 x 250 x 135 mm.<\/p>\n","protected":false},"excerpt":{"rendered":"<p>Apoio de pes fellowes com aquecimento climate<\/p>\n","protected":false},"featured_media":122997,"comment_status":"closed","ping_status":"closed","template":"","meta":{"neve_meta_sidebar":"","neve_meta_container":"","neve_meta_enable_content_width":"off","neve_meta_content_width":0,"neve_meta_title_alignment":"","neve_meta_author_avatar":"","neve_post_elements_order":"","neve_meta_disable_header":"","neve_meta_disable_footer":"","neve_meta_disable_title":""},"product_brand":[],"product_cat":[1808],"product_tag":[1190],"class_list":{"0":"post-92105","1":"product","2":"type-product","3":"status-publish","4":"has-post-thumbnail","6":"product_cat-ergonomia","7":"product_tag-apoio-de-pes","9":"first","10":"outofstock","11":"taxable","12":"shipping-taxable","13":"purchasable","14":"product-type-simple"},"_links":{"self":[{"href":"https:\/\/ifoffice.pt\/index.php?rest_route=\/wp\/v2\/product\/92105","targetHints":{"allow":["GET"]}}],"collection":[{"href":"https:\/\/ifoffice.pt\/index.php?rest_route=\/wp\/v2\/product"}],"about":[{"href":"https:\/\/ifoffice.pt\/index.php?rest_route=\/wp\/v2\/types\/product"}],"replies":[{"embeddable":true,"href":"https:\/\/ifoffice.pt\/index.php?rest_route=%2Fwp%2Fv2%2Fcomments&post=92105"}],"wp:featuredmedia":[{"embeddable":true,"href":"https:\/\/ifoffice.pt\/index.php?rest_route=\/wp\/v2\/media\/122997"}],"wp:attachment":[{"href":"https:\/\/ifoffice.pt\/index.php?rest_route=%2Fwp%2Fv2%2Fmedia&parent=92105"}],"wp:term":[{"taxonomy":"product_brand","embeddable":true,"href":"https:\/\/ifoffice.pt\/index.php?rest_route=%2Fwp%2Fv2%2Fproduct_brand&post=92105"},{"taxonomy":"product_cat","embeddable":true,"href":"https:\/\/ifoffice.pt\/index.php?rest_route=%2Fwp%2Fv2%2Fproduct_cat&post=92105"},{"taxonomy":"product_tag","embeddable":true,"href":"https:\/\/ifoffice.pt\/index.php?rest_route=%2Fwp%2Fv2%2Fproduct_tag&post=92105"}],"curies":[{"name":"wp","href":"https:\/\/api.w.org\/{rel}","templated":true}]}}