{"id":92101,"date":"2021-01-22T22:16:15","date_gmt":"2021-01-22T22:16:15","guid":{"rendered":"https:\/\/ifoffice.pt\/produto\/import-placeholder-for-47384\/"},"modified":"2026-02-23T14:47:15","modified_gmt":"2026-02-23T14:47:15","slug":"cola-uhu-por-50ml","status":"publish","type":"product","link":"https:\/\/ifoffice.pt\/?product=cola-uhu-por-50ml","title":{"rendered":"Cola uhu por 50ml"},"content":{"rendered":"<p>Cola especialmente indicada para poliestireno expandido (esferovite) de secagem r\u00e1pida. Para a execu\u00e7\u00e3o de maquetes, colagem de aplica\u00e7\u00f5es decorativas de esferovite tais como molduras, tetos falsos, lambrins, ros\u00e1ceas, cornijas, etc. Transparente ap\u00f3s secagem. Blister de 50ml.<\/p>\n","protected":false},"excerpt":{"rendered":"<p>PACK DE 10 UNIDADES<\/p>\n","protected":false},"featured_media":122994,"comment_status":"closed","ping_status":"closed","template":"","meta":{"neve_meta_sidebar":"","neve_meta_container":"","neve_meta_enable_content_width":"off","neve_meta_content_width":0,"neve_meta_title_alignment":"","neve_meta_author_avatar":"","neve_post_elements_order":"","neve_meta_disable_header":"","neve_meta_disable_footer":"","neve_meta_disable_title":""},"product_brand":[],"product_cat":[1871],"product_tag":[807],"class_list":{"0":"post-92101","1":"product","2":"type-product","3":"status-publish","4":"has-post-thumbnail","6":"product_cat-colas-escolares","7":"product_tag-contacto","9":"first","10":"instock","11":"taxable","12":"shipping-taxable","13":"purchasable","14":"product-type-simple"},"_links":{"self":[{"href":"https:\/\/ifoffice.pt\/index.php?rest_route=\/wp\/v2\/product\/92101","targetHints":{"allow":["GET"]}}],"collection":[{"href":"https:\/\/ifoffice.pt\/index.php?rest_route=\/wp\/v2\/product"}],"about":[{"href":"https:\/\/ifoffice.pt\/index.php?rest_route=\/wp\/v2\/types\/product"}],"replies":[{"embeddable":true,"href":"https:\/\/ifoffice.pt\/index.php?rest_route=%2Fwp%2Fv2%2Fcomments&post=92101"}],"wp:featuredmedia":[{"embeddable":true,"href":"https:\/\/ifoffice.pt\/index.php?rest_route=\/wp\/v2\/media\/122994"}],"wp:attachment":[{"href":"https:\/\/ifoffice.pt\/index.php?rest_route=%2Fwp%2Fv2%2Fmedia&parent=92101"}],"wp:term":[{"taxonomy":"product_brand","embeddable":true,"href":"https:\/\/ifoffice.pt\/index.php?rest_route=%2Fwp%2Fv2%2Fproduct_brand&post=92101"},{"taxonomy":"product_cat","embeddable":true,"href":"https:\/\/ifoffice.pt\/index.php?rest_route=%2Fwp%2Fv2%2Fproduct_cat&post=92101"},{"taxonomy":"product_tag","embeddable":true,"href":"https:\/\/ifoffice.pt\/index.php?rest_route=%2Fwp%2Fv2%2Fproduct_tag&post=92101"}],"curies":[{"name":"wp","href":"https:\/\/api.w.org\/{rel}","templated":true}]}}