{"id":92100,"date":"2021-01-22T22:16:15","date_gmt":"2021-01-22T22:16:15","guid":{"rendered":"https:\/\/ifoffice.pt\/produto\/import-placeholder-for-47386\/"},"modified":"2026-02-23T14:47:15","modified_gmt":"2026-02-23T14:47:15","slug":"cola-uhu-hart-35ml","status":"publish","type":"product","link":"https:\/\/ifoffice.pt\/produto\/cola-uhu-hart-35ml\/","title":{"rendered":"Cola uhu hart 35ml"},"content":{"rendered":"<p>Cola especial para balsa e outras madeiras macias. Indicada para modelismo, maquetes e artesanato. Transparente ap\u00f3s secagem. Secagem r\u00e1pida. Aplica\u00e7\u00e3o f\u00e1cil e precisa. Com ponta c\u00f3nica. Blister de 35ml.<\/p>\n","protected":false},"excerpt":{"rendered":"<p>PACK DE 10 UNIDADES<\/p>\n","protected":false},"featured_media":122993,"comment_status":"closed","ping_status":"closed","template":"","meta":{"neve_meta_sidebar":"","neve_meta_container":"","neve_meta_enable_content_width":"off","neve_meta_content_width":0,"neve_meta_title_alignment":"","neve_meta_author_avatar":"","neve_post_elements_order":"","neve_meta_disable_header":"","neve_meta_disable_footer":"","neve_meta_disable_title":""},"product_brand":[],"product_cat":[1871],"product_tag":[1476],"class_list":{"0":"post-92100","1":"product","2":"type-product","3":"status-publish","4":"has-post-thumbnail","6":"product_cat-colas-escolares","7":"product_tag-universal","9":"first","10":"instock","11":"taxable","12":"shipping-taxable","13":"purchasable","14":"product-type-simple"},"_links":{"self":[{"href":"https:\/\/ifoffice.pt\/wp-json\/wp\/v2\/product\/92100","targetHints":{"allow":["GET"]}}],"collection":[{"href":"https:\/\/ifoffice.pt\/wp-json\/wp\/v2\/product"}],"about":[{"href":"https:\/\/ifoffice.pt\/wp-json\/wp\/v2\/types\/product"}],"replies":[{"embeddable":true,"href":"https:\/\/ifoffice.pt\/wp-json\/wp\/v2\/comments?post=92100"}],"wp:featuredmedia":[{"embeddable":true,"href":"https:\/\/ifoffice.pt\/wp-json\/wp\/v2\/media\/122993"}],"wp:attachment":[{"href":"https:\/\/ifoffice.pt\/wp-json\/wp\/v2\/media?parent=92100"}],"wp:term":[{"taxonomy":"product_brand","embeddable":true,"href":"https:\/\/ifoffice.pt\/wp-json\/wp\/v2\/product_brand?post=92100"},{"taxonomy":"product_cat","embeddable":true,"href":"https:\/\/ifoffice.pt\/wp-json\/wp\/v2\/product_cat?post=92100"},{"taxonomy":"product_tag","embeddable":true,"href":"https:\/\/ifoffice.pt\/wp-json\/wp\/v2\/product_tag?post=92100"}],"curies":[{"name":"wp","href":"https:\/\/api.w.org\/{rel}","templated":true}]}}